{"id":71203,"date":"2025-01-26T22:05:36","date_gmt":"2025-01-27T01:05:36","guid":{"rendered":"https:\/\/modamentha.com.br\/?post_type=product&#038;p=71203"},"modified":"2025-11-28T13:37:43","modified_gmt":"2025-11-28T16:37:43","slug":"vestido-reto-alfaiataria","status":"publish","type":"product","link":"https:\/\/modamentha.com.br\/?product=vestido-reto-alfaiataria","title":{"rendered":"Vestido Reto Alfaiataria"},"content":{"rendered":"","protected":false},"excerpt":{"rendered":"<p>Vestido reto confeccionado em tecido plano, possui modelagem em alfaiataria com caimento encorpado e estruturado que valoriza a silhueta com sofistica\u00e7\u00e3o.<\/p>\n<p>Apresenta gola arredondada, design sem mangas e recortes frontais e posteriores que adicionam charme e modernidade \u00e0 pe\u00e7a. O fechamento nas costas com z\u00edper invis\u00edvel garante um acabamento discreto e impec\u00e1vel. Perfeito para compor looks elegantes e femininos, esse vestido \u00e9 a escolha ideal para quem busca estilo e versatilidade.<\/p>\n<p>MEDIDAS:<\/p>\n<p>P-Busto 92.00 cm | Cintura 82.00 cm | Quadril 101.00 cm | Comprimento 89.00 cm<\/p>\n<p>M-Busto 96.00 cm | Cintura 86.00 cm | Quadril 105.00 cm | Comprimento 91.00 cm<\/p>\n<p>G-Busto 100.00 cm |Cintura 90.00 cm | Quadril 109.00 cm | Comprimento 93.00 cm<\/p>\n","protected":false},"featured_media":71148,"template":"","meta":{"spay_email":""},"supplier_id":null,"supplier_sku":"","atum_controlled":true,"out_stock_date":null,"out_stock_threshold":null,"inheritable":true,"inbound_stock":0,"stock_on_hold":0,"sold_today":null,"sales_last_days":null,"reserved_stock":0,"customer_returns":0,"warehouse_damage":0,"lost_in_post":0,"other_logs":0,"out_stock_days":null,"lost_sales":null,"has_location":false,"update_date":"2025-01-27T04:14:37","atum_locations":[],"atum_stock_status":"instock","low_stock":false,"_links":{"self":[{"href":"https:\/\/modamentha.com.br\/index.php?rest_route=\/wp\/v2\/product\/71203"}],"collection":[{"href":"https:\/\/modamentha.com.br\/index.php?rest_route=\/wp\/v2\/product"}],"about":[{"href":"https:\/\/modamentha.com.br\/index.php?rest_route=\/wp\/v2\/types\/product"}],"wp:featuredmedia":[{"embeddable":true,"href":"https:\/\/modamentha.com.br\/index.php?rest_route=\/wp\/v2\/media\/71148"}],"wp:attachment":[{"href":"https:\/\/modamentha.com.br\/index.php?rest_route=%2Fwp%2Fv2%2Fmedia&parent=71203"}],"curies":[{"name":"wp","href":"https:\/\/api.w.org\/{rel}","templated":true}]}}