{"id":71214,"date":"2025-01-26T22:24:30","date_gmt":"2025-01-27T01:24:30","guid":{"rendered":"https:\/\/modamentha.com.br\/?post_type=product&#038;p=71214"},"modified":"2025-08-22T12:02:53","modified_gmt":"2025-08-22T15:02:53","slug":"blusa-detalhe-renda-2","status":"publish","type":"product","link":"https:\/\/modamentha.com.br\/?product=blusa-detalhe-renda-2","title":{"rendered":"Blusa Detalhe Renda"},"content":{"rendered":"","protected":false},"excerpt":{"rendered":"<p>Blusa em crepe liso. Possui aplica\u00e7\u00e3o de renda com tule na frente e fechamento me bot\u00e3o nas costas.<\/p>\n<p>Composi\u00e7\u00e3o:<br \/>\n100% POLI\u00c9STER | 100% POLIAMIDA<\/p>\n","protected":false},"featured_media":71218,"template":"","meta":{"spay_email":""},"supplier_id":null,"supplier_sku":"","atum_controlled":true,"out_stock_date":null,"out_stock_threshold":null,"inheritable":true,"inbound_stock":0,"stock_on_hold":0,"sold_today":null,"sales_last_days":null,"reserved_stock":0,"customer_returns":0,"warehouse_damage":0,"lost_in_post":0,"other_logs":0,"out_stock_days":null,"lost_sales":null,"has_location":false,"update_date":"2025-01-27T04:25:20","atum_locations":[],"atum_stock_status":"instock","low_stock":false,"_links":{"self":[{"href":"https:\/\/modamentha.com.br\/index.php?rest_route=\/wp\/v2\/product\/71214"}],"collection":[{"href":"https:\/\/modamentha.com.br\/index.php?rest_route=\/wp\/v2\/product"}],"about":[{"href":"https:\/\/modamentha.com.br\/index.php?rest_route=\/wp\/v2\/types\/product"}],"wp:featuredmedia":[{"embeddable":true,"href":"https:\/\/modamentha.com.br\/index.php?rest_route=\/wp\/v2\/media\/71218"}],"wp:attachment":[{"href":"https:\/\/modamentha.com.br\/index.php?rest_route=%2Fwp%2Fv2%2Fmedia&parent=71214"}],"curies":[{"name":"wp","href":"https:\/\/api.w.org\/{rel}","templated":true}]}}