{"id":71448,"date":"2025-02-04T09:50:29","date_gmt":"2025-02-04T12:50:29","guid":{"rendered":"https:\/\/modamentha.com.br\/?post_type=product&#038;p=71448"},"modified":"2025-06-20T16:09:43","modified_gmt":"2025-06-20T19:09:43","slug":"calca-twill-prega","status":"publish","type":"product","link":"https:\/\/modamentha.com.br\/?product=calca-twill-prega","title":{"rendered":"Cal\u00e7a Twill Prega"},"content":{"rendered":"","protected":false},"excerpt":{"rendered":"<p>Cal\u00e7a em alfaiataria mista de viscose texturizada. Possui c\u00f3s com bot\u00e3o forrado e bot\u00e3o interno, z\u00edper de nylon, passantes, bolso com vivo aplicado, el\u00e1stico nas costas e forro shorts.<\/p>\n<p>Composi\u00e7\u00e3o:<br \/>\n92% VISCOSE 8% POLI\u00c9STER<br \/>\nFORRO<br \/>\n100% POLI\u00c9STER <\/p>\n<p>MEDIDAS:<br \/>\nCintura: P:71cm |M:75cm |G:79cm<br \/>\nQuadril: P:102cm |M:106cm |G:110cm<br \/>\nComprimento Total: P:98cm |M:99cm |G:100cm <\/p>\n","protected":false},"featured_media":71394,"template":"","meta":{"spay_email":""},"supplier_id":null,"supplier_sku":"","atum_controlled":true,"out_stock_date":null,"out_stock_threshold":null,"inheritable":true,"inbound_stock":0,"stock_on_hold":0,"sold_today":null,"sales_last_days":null,"reserved_stock":0,"customer_returns":0,"warehouse_damage":0,"lost_in_post":0,"other_logs":0,"out_stock_days":null,"lost_sales":null,"has_location":false,"update_date":"2025-02-04T17:02:56","atum_locations":[],"atum_stock_status":"instock","low_stock":false,"_links":{"self":[{"href":"https:\/\/modamentha.com.br\/index.php?rest_route=\/wp\/v2\/product\/71448"}],"collection":[{"href":"https:\/\/modamentha.com.br\/index.php?rest_route=\/wp\/v2\/product"}],"about":[{"href":"https:\/\/modamentha.com.br\/index.php?rest_route=\/wp\/v2\/types\/product"}],"wp:featuredmedia":[{"embeddable":true,"href":"https:\/\/modamentha.com.br\/index.php?rest_route=\/wp\/v2\/media\/71394"}],"wp:attachment":[{"href":"https:\/\/modamentha.com.br\/index.php?rest_route=%2Fwp%2Fv2%2Fmedia&parent=71448"}],"curies":[{"name":"wp","href":"https:\/\/api.w.org\/{rel}","templated":true}]}}