{"id":71458,"date":"2025-02-04T09:55:51","date_gmt":"2025-02-04T12:55:51","guid":{"rendered":"https:\/\/modamentha.com.br\/?post_type=product&#038;p=71458"},"modified":"2025-09-10T17:41:40","modified_gmt":"2025-09-10T20:41:40","slug":"regata-alca-prega-renda-poa","status":"publish","type":"product","link":"https:\/\/modamentha.com.br\/?product=regata-alca-prega-renda-poa","title":{"rendered":"Regata Al\u00e7a Prega Renda Po\u00e1"},"content":{"rendered":"","protected":false},"excerpt":{"rendered":"<p>Regata al\u00e7a em crepe po\u00e1. Possui renda aplicada no decote com prega na frente e al\u00e7a dupla cruzando nas costas.<\/p>\n<p>Composi\u00e7\u00e3o:<br \/>\n100% POLI\u00c9STER <\/p>\n<p>MEDIDAS:<br \/>\nBusto: P:94cm |M:98cm |G:102cm<br \/>\nComprimento Total: P:56cm |M:57cm |G:58cm <\/p>\n","protected":false},"featured_media":71381,"template":"","meta":{"spay_email":""},"supplier_id":null,"supplier_sku":"","atum_controlled":true,"out_stock_date":null,"out_stock_threshold":null,"inheritable":true,"inbound_stock":0,"stock_on_hold":0,"sold_today":1,"sales_last_days":1,"reserved_stock":0,"customer_returns":0,"warehouse_damage":0,"lost_in_post":0,"other_logs":0,"out_stock_days":null,"lost_sales":0,"has_location":false,"update_date":"2025-02-13T20:46:33","atum_locations":[],"atum_stock_status":"instock","low_stock":false,"_links":{"self":[{"href":"https:\/\/modamentha.com.br\/index.php?rest_route=\/wp\/v2\/product\/71458"}],"collection":[{"href":"https:\/\/modamentha.com.br\/index.php?rest_route=\/wp\/v2\/product"}],"about":[{"href":"https:\/\/modamentha.com.br\/index.php?rest_route=\/wp\/v2\/types\/product"}],"wp:featuredmedia":[{"embeddable":true,"href":"https:\/\/modamentha.com.br\/index.php?rest_route=\/wp\/v2\/media\/71381"}],"wp:attachment":[{"href":"https:\/\/modamentha.com.br\/index.php?rest_route=%2Fwp%2Fv2%2Fmedia&parent=71458"}],"curies":[{"name":"wp","href":"https:\/\/api.w.org\/{rel}","templated":true}]}}