{"id":71485,"date":"2025-02-04T10:20:56","date_gmt":"2025-02-04T13:20:56","guid":{"rendered":"https:\/\/modamentha.com.br\/?post_type=product&#038;p=71485"},"modified":"2026-04-07T17:00:58","modified_gmt":"2026-04-07T20:00:58","slug":"calca-reta-twill-faixa-lateral","status":"publish","type":"product","link":"https:\/\/modamentha.com.br\/?product=calca-reta-twill-faixa-lateral","title":{"rendered":"Cal\u00e7a Reta Twill Faixa Lateral"},"content":{"rendered":"","protected":false},"excerpt":{"rendered":"<p>Cal\u00e7a reta em alfaiataria mista texturizada. Possui pregas, faixa lateral, fechamento em colchete interno, z\u00edper de nylon e forro.<\/p>\n<p>Composi\u00e7\u00e3o:<br \/>\n90% VISCOSE<br \/>\n10% POLI\u00c9STER<br \/>\nFORRO<br \/>\n100% POLI\u00c9STER <\/p>\n<p>MEDIDAS:<br \/>\nCintura: P:72cm |M:76cm |G:80cm<br \/>\nQuadril: P:108cm |M:112cm |G:116cm<br \/>\nComprimento Total: P:114cm |M:115cm |G:116cm <\/p>\n","protected":false},"featured_media":71364,"template":"","meta":{"spay_email":""},"supplier_id":null,"supplier_sku":"","atum_controlled":true,"out_stock_date":null,"out_stock_threshold":null,"inheritable":true,"inbound_stock":0,"stock_on_hold":0,"sold_today":1,"sales_last_days":1,"reserved_stock":0,"customer_returns":0,"warehouse_damage":0,"lost_in_post":0,"other_logs":0,"out_stock_days":null,"lost_sales":0,"has_location":false,"update_date":"2025-02-06T17:11:09","atum_locations":[],"atum_stock_status":"instock","low_stock":false,"_links":{"self":[{"href":"https:\/\/modamentha.com.br\/index.php?rest_route=\/wp\/v2\/product\/71485"}],"collection":[{"href":"https:\/\/modamentha.com.br\/index.php?rest_route=\/wp\/v2\/product"}],"about":[{"href":"https:\/\/modamentha.com.br\/index.php?rest_route=\/wp\/v2\/types\/product"}],"wp:featuredmedia":[{"embeddable":true,"href":"https:\/\/modamentha.com.br\/index.php?rest_route=\/wp\/v2\/media\/71364"}],"wp:attachment":[{"href":"https:\/\/modamentha.com.br\/index.php?rest_route=%2Fwp%2Fv2%2Fmedia&parent=71485"}],"curies":[{"name":"wp","href":"https:\/\/api.w.org\/{rel}","templated":true}]}}