{"id":71492,"date":"2025-02-04T10:26:50","date_gmt":"2025-02-04T13:26:50","guid":{"rendered":"https:\/\/modamentha.com.br\/?post_type=product&#038;p=71492"},"modified":"2025-04-07T10:26:22","modified_gmt":"2025-04-07T13:26:22","slug":"top-alongado-twill-assimetrico","status":"publish","type":"product","link":"https:\/\/modamentha.com.br\/?product=top-alongado-twill-assimetrico","title":{"rendered":"Top Alongado Twill Assim\u00e9trico"},"content":{"rendered":"","protected":false},"excerpt":{"rendered":"<p>Top alongado um ombro em alfaiataria mista texturizada. Possui al\u00e7a regul\u00e1vel, recorte assim\u00e9trico na frente, al\u00e1stico nas costas com fechamento em z\u00edper de metal destac\u00e1vel e forro.<\/p>\n<p>Composi\u00e7\u00e3o:<br \/>\n90% VISCOSE<br \/>\n10% POLI\u00c9STER<br \/>\nFORRO<br \/>\n100% POLI\u00c9STER <\/p>\n<p>MEDIDAS:<br \/>\nBusto: P:90cm |M:94cm |G:98cm<br \/>\nComprimento Total: P:51cm |M:52cm |G:53cm <\/p>\n","protected":false},"featured_media":71363,"template":"","meta":{"spay_email":""},"supplier_id":null,"supplier_sku":"","atum_controlled":true,"out_stock_date":null,"out_stock_threshold":null,"inheritable":true,"inbound_stock":0,"stock_on_hold":0,"sold_today":null,"sales_last_days":null,"reserved_stock":0,"customer_returns":0,"warehouse_damage":0,"lost_in_post":0,"other_logs":0,"out_stock_days":null,"lost_sales":null,"has_location":false,"update_date":"2025-02-04T17:02:33","atum_locations":[],"atum_stock_status":"instock","low_stock":false,"_links":{"self":[{"href":"https:\/\/modamentha.com.br\/index.php?rest_route=\/wp\/v2\/product\/71492"}],"collection":[{"href":"https:\/\/modamentha.com.br\/index.php?rest_route=\/wp\/v2\/product"}],"about":[{"href":"https:\/\/modamentha.com.br\/index.php?rest_route=\/wp\/v2\/types\/product"}],"wp:featuredmedia":[{"embeddable":true,"href":"https:\/\/modamentha.com.br\/index.php?rest_route=\/wp\/v2\/media\/71363"}],"wp:attachment":[{"href":"https:\/\/modamentha.com.br\/index.php?rest_route=%2Fwp%2Fv2%2Fmedia&parent=71492"}],"curies":[{"name":"wp","href":"https:\/\/api.w.org\/{rel}","templated":true}]}}