{"id":72145,"date":"2025-02-13T21:59:29","date_gmt":"2025-02-14T00:59:29","guid":{"rendered":"https:\/\/modamentha.com.br\/?post_type=product&#038;p=72145"},"modified":"2025-04-28T11:55:45","modified_gmt":"2025-04-28T14:55:45","slug":"calca-flare-3","status":"publish","type":"product","link":"https:\/\/modamentha.com.br\/?product=calca-flare-3","title":{"rendered":"Cal\u00e7a Flare"},"content":{"rendered":"","protected":false},"excerpt":{"rendered":"<p>Cal\u00e7a tecido 50% algod\u00e3o 47% poliamida 3% elastano.<br \/>\nC\u00f3s sem el\u00e1stico, com 2 bot\u00f5es e ziper.<br \/>\n2 Bolsos Frontal.<br \/>\n2 Bolsos falsos traseiro.<br \/>\nModelo Flare.<\/p>\n","protected":false},"featured_media":72077,"template":"","meta":{"spay_email":""},"supplier_id":null,"supplier_sku":"","atum_controlled":true,"out_stock_date":null,"out_stock_threshold":null,"inheritable":true,"inbound_stock":0,"stock_on_hold":0,"sold_today":1,"sales_last_days":1,"reserved_stock":0,"customer_returns":0,"warehouse_damage":0,"lost_in_post":0,"other_logs":0,"out_stock_days":null,"lost_sales":0,"has_location":false,"update_date":"2025-04-12T21:26:06","atum_locations":[],"atum_stock_status":"instock","low_stock":false,"_links":{"self":[{"href":"https:\/\/modamentha.com.br\/index.php?rest_route=\/wp\/v2\/product\/72145"}],"collection":[{"href":"https:\/\/modamentha.com.br\/index.php?rest_route=\/wp\/v2\/product"}],"about":[{"href":"https:\/\/modamentha.com.br\/index.php?rest_route=\/wp\/v2\/types\/product"}],"wp:featuredmedia":[{"embeddable":true,"href":"https:\/\/modamentha.com.br\/index.php?rest_route=\/wp\/v2\/media\/72077"}],"wp:attachment":[{"href":"https:\/\/modamentha.com.br\/index.php?rest_route=%2Fwp%2Fv2%2Fmedia&parent=72145"}],"curies":[{"name":"wp","href":"https:\/\/api.w.org\/{rel}","templated":true}]}}