{"id":72151,"date":"2025-02-13T22:04:12","date_gmt":"2025-02-14T01:04:12","guid":{"rendered":"https:\/\/modamentha.com.br\/?post_type=product&#038;p=72151"},"modified":"2025-05-26T16:18:37","modified_gmt":"2025-05-26T19:18:37","slug":"calca-ilhos","status":"publish","type":"product","link":"https:\/\/modamentha.com.br\/?product=calca-ilhos","title":{"rendered":"Cal\u00e7a Ilh\u00f3s"},"content":{"rendered":"","protected":false},"excerpt":{"rendered":"<p>Cal\u00e7a tecido 68% viscose 27% poliamida 5% elastano.<br \/>\nC\u00f3s largo sem el\u00e1stico, com 2 bot\u00f5es e ziper.<br \/>\nDetalhe do Ilh\u00f3s no c\u00f3s, com bot\u00e3o no transpasse.<br \/>\nSem bolsos Frontal.<br \/>\n2 bolsos traseiro.<\/p>\n","protected":false},"featured_media":72074,"template":"","meta":{"spay_email":""},"supplier_id":null,"supplier_sku":"","atum_controlled":true,"out_stock_date":null,"out_stock_threshold":null,"inheritable":true,"inbound_stock":0,"stock_on_hold":0,"sold_today":null,"sales_last_days":null,"reserved_stock":0,"customer_returns":0,"warehouse_damage":0,"lost_in_post":0,"other_logs":0,"out_stock_days":null,"lost_sales":null,"has_location":false,"update_date":"2025-02-14T04:04:44","atum_locations":[],"atum_stock_status":"instock","low_stock":false,"_links":{"self":[{"href":"https:\/\/modamentha.com.br\/index.php?rest_route=\/wp\/v2\/product\/72151"}],"collection":[{"href":"https:\/\/modamentha.com.br\/index.php?rest_route=\/wp\/v2\/product"}],"about":[{"href":"https:\/\/modamentha.com.br\/index.php?rest_route=\/wp\/v2\/types\/product"}],"wp:featuredmedia":[{"embeddable":true,"href":"https:\/\/modamentha.com.br\/index.php?rest_route=\/wp\/v2\/media\/72074"}],"wp:attachment":[{"href":"https:\/\/modamentha.com.br\/index.php?rest_route=%2Fwp%2Fv2%2Fmedia&parent=72151"}],"curies":[{"name":"wp","href":"https:\/\/api.w.org\/{rel}","templated":true}]}}