{"id":72215,"date":"2025-02-14T15:35:46","date_gmt":"2025-02-14T18:35:46","guid":{"rendered":"https:\/\/modamentha.com.br\/?post_type=product&#038;p=72215"},"modified":"2025-10-11T11:55:50","modified_gmt":"2025-10-11T14:55:50","slug":"regata-cropped-tricot-canelado","status":"publish","type":"product","link":"https:\/\/modamentha.com.br\/?product=regata-cropped-tricot-canelado","title":{"rendered":"Regata Cropped Tricot Canelado"},"content":{"rendered":"","protected":false},"excerpt":{"rendered":"<p>Regata cropped em tric\u00f4 canelado, com al\u00e7as largas e gola redonda que oferece um visual equilibrado entre o b\u00e1sico e o moderno. O comprimento curto \u00e9 ideal para destacar pe\u00e7as de cintura alta.<\/p>\n","protected":false},"featured_media":72188,"template":"","meta":{"spay_email":""},"supplier_id":null,"supplier_sku":"","atum_controlled":true,"out_stock_date":null,"out_stock_threshold":null,"inheritable":true,"inbound_stock":0,"stock_on_hold":0,"sold_today":null,"sales_last_days":null,"reserved_stock":0,"customer_returns":0,"warehouse_damage":0,"lost_in_post":0,"other_logs":0,"out_stock_days":null,"lost_sales":null,"has_location":false,"update_date":"2025-02-14T23:35:45","atum_locations":[],"atum_stock_status":"instock","low_stock":false,"_links":{"self":[{"href":"https:\/\/modamentha.com.br\/index.php?rest_route=\/wp\/v2\/product\/72215"}],"collection":[{"href":"https:\/\/modamentha.com.br\/index.php?rest_route=\/wp\/v2\/product"}],"about":[{"href":"https:\/\/modamentha.com.br\/index.php?rest_route=\/wp\/v2\/types\/product"}],"wp:featuredmedia":[{"embeddable":true,"href":"https:\/\/modamentha.com.br\/index.php?rest_route=\/wp\/v2\/media\/72188"}],"wp:attachment":[{"href":"https:\/\/modamentha.com.br\/index.php?rest_route=%2Fwp%2Fv2%2Fmedia&parent=72215"}],"curies":[{"name":"wp","href":"https:\/\/api.w.org\/{rel}","templated":true}]}}