{"id":72256,"date":"2025-02-15T12:00:19","date_gmt":"2025-02-15T15:00:19","guid":{"rendered":"https:\/\/modamentha.com.br\/?post_type=product&#038;p=72256"},"modified":"2025-07-26T13:28:06","modified_gmt":"2025-07-26T16:28:06","slug":"regata-tricot-canelado-listras","status":"publish","type":"product","link":"https:\/\/modamentha.com.br\/?product=regata-tricot-canelado-listras","title":{"rendered":"Regata Tricot Canelado Listras"},"content":{"rendered":"","protected":false},"excerpt":{"rendered":"<p>Regata curta em tric\u00f4 canelado, com listras horizontais que conferem um toque moderno e descomplicado. Suas al\u00e7as finas fixas e a cava americana trazem um estilo contempor\u00e2neo e feminino, ideal para a transi\u00e7\u00e3o entre as esta\u00e7\u00f5es. Leve e confort\u00e1vel, \u00e9 perfeita para criar looks vers\u00e1teis e cheios de personalidade.<\/p>\n","protected":false},"featured_media":72260,"template":"","meta":{"spay_email":""},"supplier_id":null,"supplier_sku":"","atum_controlled":true,"out_stock_date":null,"out_stock_threshold":null,"inheritable":true,"inbound_stock":0,"stock_on_hold":0,"sold_today":null,"sales_last_days":null,"reserved_stock":0,"customer_returns":0,"warehouse_damage":0,"lost_in_post":0,"other_logs":0,"out_stock_days":null,"lost_sales":null,"has_location":false,"update_date":"2025-02-15T18:00:52","atum_locations":[],"atum_stock_status":"instock","low_stock":false,"_links":{"self":[{"href":"https:\/\/modamentha.com.br\/index.php?rest_route=\/wp\/v2\/product\/72256"}],"collection":[{"href":"https:\/\/modamentha.com.br\/index.php?rest_route=\/wp\/v2\/product"}],"about":[{"href":"https:\/\/modamentha.com.br\/index.php?rest_route=\/wp\/v2\/types\/product"}],"wp:featuredmedia":[{"embeddable":true,"href":"https:\/\/modamentha.com.br\/index.php?rest_route=\/wp\/v2\/media\/72260"}],"wp:attachment":[{"href":"https:\/\/modamentha.com.br\/index.php?rest_route=%2Fwp%2Fv2%2Fmedia&parent=72256"}],"curies":[{"name":"wp","href":"https:\/\/api.w.org\/{rel}","templated":true}]}}