{"id":72324,"date":"2025-02-18T09:33:00","date_gmt":"2025-02-18T12:33:00","guid":{"rendered":"https:\/\/modamentha.com.br\/?post_type=product&#038;p=72324"},"modified":"2026-01-19T10:13:31","modified_gmt":"2026-01-19T13:13:31","slug":"camisa-crepe-franzida-botoes","status":"publish","type":"product","link":"https:\/\/modamentha.com.br\/?product=camisa-crepe-franzida-botoes","title":{"rendered":"Camisa Crepe Franzida Bot\u00f5es"},"content":{"rendered":"","protected":false},"excerpt":{"rendered":"<p>Camisa crepe, franzido costas, bot\u00f5es no decote, el\u00e1stico manga e barra.<\/p>\n<p>Composi\u00e7\u00e3o:<br \/>\n100% POLI\u00c9STER <\/p>\n<p>MEDIDAS:<br \/>\nBusto: P:92cm |M:96cm |G:100cm<br \/>\nCintura: P:70cm |M:74cm |G:78cm<br \/>\nComprimento Total: P:60cm |M:61cm |G:62cm <\/p>\n","protected":false},"featured_media":72313,"template":"","meta":{"spay_email":""},"supplier_id":null,"supplier_sku":"","atum_controlled":true,"out_stock_date":null,"out_stock_threshold":null,"inheritable":true,"inbound_stock":0,"stock_on_hold":0,"sold_today":null,"sales_last_days":null,"reserved_stock":0,"customer_returns":0,"warehouse_damage":0,"lost_in_post":0,"other_logs":0,"out_stock_days":null,"lost_sales":null,"has_location":false,"update_date":"2025-02-18T15:48:14","atum_locations":[],"atum_stock_status":"instock","low_stock":false,"_links":{"self":[{"href":"https:\/\/modamentha.com.br\/index.php?rest_route=\/wp\/v2\/product\/72324"}],"collection":[{"href":"https:\/\/modamentha.com.br\/index.php?rest_route=\/wp\/v2\/product"}],"about":[{"href":"https:\/\/modamentha.com.br\/index.php?rest_route=\/wp\/v2\/types\/product"}],"wp:featuredmedia":[{"embeddable":true,"href":"https:\/\/modamentha.com.br\/index.php?rest_route=\/wp\/v2\/media\/72313"}],"wp:attachment":[{"href":"https:\/\/modamentha.com.br\/index.php?rest_route=%2Fwp%2Fv2%2Fmedia&parent=72324"}],"curies":[{"name":"wp","href":"https:\/\/api.w.org\/{rel}","templated":true}]}}