{"id":72496,"date":"2025-02-21T16:07:44","date_gmt":"2025-02-21T19:07:44","guid":{"rendered":"https:\/\/modamentha.com.br\/?post_type=product&#038;p=72496"},"modified":"2025-07-26T13:36:39","modified_gmt":"2025-07-26T16:36:39","slug":"calca-joana-3","status":"publish","type":"product","link":"https:\/\/modamentha.com.br\/?product=calca-joana-3","title":{"rendered":"Cal\u00e7a Joana"},"content":{"rendered":"","protected":false},"excerpt":{"rendered":"<p>Cal\u00e7a em tecido tencel, modelagem reta, recorte no joelho, z\u00edper na barrada perna, cintura alta.<\/p>\n<p>Composi\u00e7\u00e3o:<br \/>\n90% Pol\u00e9ster<br \/>\n10% Poliamida<\/p>\n","protected":false},"featured_media":72510,"template":"","meta":{"spay_email":""},"supplier_id":null,"supplier_sku":"","atum_controlled":true,"out_stock_date":null,"out_stock_threshold":null,"inheritable":true,"inbound_stock":0,"stock_on_hold":0,"sold_today":0,"sales_last_days":0,"reserved_stock":0,"customer_returns":0,"warehouse_damage":0,"lost_in_post":0,"other_logs":0,"out_stock_days":null,"lost_sales":0,"has_location":false,"update_date":"2025-05-08T20:46:44","atum_locations":[],"atum_stock_status":"instock","low_stock":false,"_links":{"self":[{"href":"https:\/\/modamentha.com.br\/index.php?rest_route=\/wp\/v2\/product\/72496"}],"collection":[{"href":"https:\/\/modamentha.com.br\/index.php?rest_route=\/wp\/v2\/product"}],"about":[{"href":"https:\/\/modamentha.com.br\/index.php?rest_route=\/wp\/v2\/types\/product"}],"wp:featuredmedia":[{"embeddable":true,"href":"https:\/\/modamentha.com.br\/index.php?rest_route=\/wp\/v2\/media\/72510"}],"wp:attachment":[{"href":"https:\/\/modamentha.com.br\/index.php?rest_route=%2Fwp%2Fv2%2Fmedia&parent=72496"}],"curies":[{"name":"wp","href":"https:\/\/api.w.org\/{rel}","templated":true}]}}