{"id":72833,"date":"2025-02-26T14:40:38","date_gmt":"2025-02-26T17:40:38","guid":{"rendered":"https:\/\/modamentha.com.br\/?post_type=product&#038;p=72833"},"modified":"2025-04-17T19:00:33","modified_gmt":"2025-04-17T22:00:33","slug":"blusa-basica-canelada","status":"publish","type":"product","link":"https:\/\/modamentha.com.br\/?product=blusa-basica-canelada","title":{"rendered":"Blusa B\u00e1sica Canelada"},"content":{"rendered":"","protected":false},"excerpt":{"rendered":"<p>Composi\u00e7\u00e3o:<br \/>\n96% Viscose<br \/>\n04% Elastano<\/p>\n","protected":false},"featured_media":72758,"template":"","meta":{"spay_email":""},"supplier_id":null,"supplier_sku":"","atum_controlled":true,"out_stock_date":null,"out_stock_threshold":null,"inheritable":true,"inbound_stock":0,"stock_on_hold":0,"sold_today":null,"sales_last_days":null,"reserved_stock":0,"customer_returns":0,"warehouse_damage":0,"lost_in_post":0,"other_logs":0,"out_stock_days":null,"lost_sales":null,"has_location":false,"update_date":"2025-02-26T20:41:40","atum_locations":[],"atum_stock_status":"instock","low_stock":false,"_links":{"self":[{"href":"https:\/\/modamentha.com.br\/index.php?rest_route=\/wp\/v2\/product\/72833"}],"collection":[{"href":"https:\/\/modamentha.com.br\/index.php?rest_route=\/wp\/v2\/product"}],"about":[{"href":"https:\/\/modamentha.com.br\/index.php?rest_route=\/wp\/v2\/types\/product"}],"wp:featuredmedia":[{"embeddable":true,"href":"https:\/\/modamentha.com.br\/index.php?rest_route=\/wp\/v2\/media\/72758"}],"wp:attachment":[{"href":"https:\/\/modamentha.com.br\/index.php?rest_route=%2Fwp%2Fv2%2Fmedia&parent=72833"}],"curies":[{"name":"wp","href":"https:\/\/api.w.org\/{rel}","templated":true}]}}