{"id":73699,"date":"2025-03-15T11:55:25","date_gmt":"2025-03-15T14:55:25","guid":{"rendered":"https:\/\/modamentha.com.br\/?post_type=product&#038;p=73699"},"modified":"2025-07-28T17:27:52","modified_gmt":"2025-07-28T20:27:52","slug":"short-couro-fake","status":"publish","type":"product","link":"https:\/\/modamentha.com.br\/?product=short-couro-fake","title":{"rendered":"Short Couro Fake"},"content":{"rendered":"","protected":false},"excerpt":{"rendered":"<p>Short em couro PU. Possui c\u00f3s transpassado com bot\u00e3o e colchete interno, z\u00edper de nylon e bolso faca.<\/p>\n<p>COMPOSI\u00c7\u00c3O:<br \/>\n100% VISCOSE<br \/>\nRevestimento<br \/>\n100% POLIURETANO<br \/>\nForro<br \/>\n100% POLI\u00c9STER<\/p>\n<p>MEDIDAS:<br \/>\nCintura: P:72cm |M:76cm |G:80cm<br \/>\nQuadril: P:102cm |M:106cm |G:110cm<br \/>\nComprimento Total: P:42cm |M:43cm |G:44cm <\/p>\n","protected":false},"featured_media":73692,"template":"","meta":{"spay_email":""},"supplier_id":null,"supplier_sku":"","atum_controlled":true,"out_stock_date":null,"out_stock_threshold":null,"inheritable":true,"inbound_stock":0,"stock_on_hold":0,"sold_today":null,"sales_last_days":null,"reserved_stock":0,"customer_returns":0,"warehouse_damage":0,"lost_in_post":0,"other_logs":0,"out_stock_days":null,"lost_sales":null,"has_location":false,"update_date":"2025-03-15T17:56:15","atum_locations":[],"atum_stock_status":"instock","low_stock":false,"_links":{"self":[{"href":"https:\/\/modamentha.com.br\/index.php?rest_route=\/wp\/v2\/product\/73699"}],"collection":[{"href":"https:\/\/modamentha.com.br\/index.php?rest_route=\/wp\/v2\/product"}],"about":[{"href":"https:\/\/modamentha.com.br\/index.php?rest_route=\/wp\/v2\/types\/product"}],"wp:featuredmedia":[{"embeddable":true,"href":"https:\/\/modamentha.com.br\/index.php?rest_route=\/wp\/v2\/media\/73692"}],"wp:attachment":[{"href":"https:\/\/modamentha.com.br\/index.php?rest_route=%2Fwp%2Fv2%2Fmedia&parent=73699"}],"curies":[{"name":"wp","href":"https:\/\/api.w.org\/{rel}","templated":true}]}}