{"id":73865,"date":"2025-03-20T10:49:24","date_gmt":"2025-03-20T13:49:24","guid":{"rendered":"https:\/\/modamentha.com.br\/?post_type=product&#038;p=73865"},"modified":"2025-07-26T12:24:18","modified_gmt":"2025-07-26T15:24:18","slug":"blusa-viscolycra-golao-4","status":"publish","type":"product","link":"https:\/\/modamentha.com.br\/?product=blusa-viscolycra-golao-4","title":{"rendered":"Blusa Viscolycra Gol\u00e3o"},"content":{"rendered":"","protected":false},"excerpt":{"rendered":"<p>Composi\u00e7\u00e3o:<br \/>\n96% Viscose<br \/>\n04% Elastano<\/p>\n","protected":false},"featured_media":73832,"template":"","meta":{"spay_email":""},"supplier_id":null,"supplier_sku":"","atum_controlled":true,"out_stock_date":null,"out_stock_threshold":null,"inheritable":true,"inbound_stock":0,"stock_on_hold":0,"sold_today":1,"sales_last_days":1,"reserved_stock":0,"customer_returns":0,"warehouse_damage":0,"lost_in_post":0,"other_logs":0,"out_stock_days":null,"lost_sales":0,"has_location":false,"update_date":"2025-03-28T16:22:30","atum_locations":[],"atum_stock_status":"instock","low_stock":false,"_links":{"self":[{"href":"https:\/\/modamentha.com.br\/index.php?rest_route=\/wp\/v2\/product\/73865"}],"collection":[{"href":"https:\/\/modamentha.com.br\/index.php?rest_route=\/wp\/v2\/product"}],"about":[{"href":"https:\/\/modamentha.com.br\/index.php?rest_route=\/wp\/v2\/types\/product"}],"wp:featuredmedia":[{"embeddable":true,"href":"https:\/\/modamentha.com.br\/index.php?rest_route=\/wp\/v2\/media\/73832"}],"wp:attachment":[{"href":"https:\/\/modamentha.com.br\/index.php?rest_route=%2Fwp%2Fv2%2Fmedia&parent=73865"}],"curies":[{"name":"wp","href":"https:\/\/api.w.org\/{rel}","templated":true}]}}