{"id":74251,"date":"2025-03-26T16:09:14","date_gmt":"2025-03-26T19:09:14","guid":{"rendered":"https:\/\/modamentha.com.br\/?post_type=product&#038;p=74251"},"modified":"2025-10-27T16:05:55","modified_gmt":"2025-10-27T19:05:55","slug":"calca-reta-alfaiataria-3","status":"publish","type":"product","link":"https:\/\/modamentha.com.br\/?product=calca-reta-alfaiataria-3","title":{"rendered":"Cal\u00e7a Reta Alfaiataria"},"content":{"rendered":"","protected":false},"excerpt":{"rendered":"<p>Cal\u00e7a reta em alfaiataria fluida. Possui c\u00f3s com passante duplo, fechamento em colchete interno, z\u00edper de nylon e recorte com bot\u00e3o forrado na frente.<\/p>\n<p>Composi\u00e7\u00e3o:<br \/>\n100% POLI\u00c9STER<\/p>\n<p>MEDIDAS:<br \/>\nCintura: P:72cm |M:76cm |G:80cm<br \/>\nQuadril: P:100cm |M:104cm |G:108cm<br \/>\nComprimento Total: P:114cm |M:115cm |G:116cm <\/p>\n","protected":false},"featured_media":74240,"template":"","meta":{"spay_email":""},"supplier_id":null,"supplier_sku":"","atum_controlled":true,"out_stock_date":null,"out_stock_threshold":null,"inheritable":true,"inbound_stock":0,"stock_on_hold":0,"sold_today":1,"sales_last_days":1,"reserved_stock":0,"customer_returns":0,"warehouse_damage":0,"lost_in_post":0,"other_logs":0,"out_stock_days":null,"lost_sales":0,"has_location":false,"update_date":"2025-05-13T15:19:42","atum_locations":[],"atum_stock_status":"instock","low_stock":false,"_links":{"self":[{"href":"https:\/\/modamentha.com.br\/index.php?rest_route=\/wp\/v2\/product\/74251"}],"collection":[{"href":"https:\/\/modamentha.com.br\/index.php?rest_route=\/wp\/v2\/product"}],"about":[{"href":"https:\/\/modamentha.com.br\/index.php?rest_route=\/wp\/v2\/types\/product"}],"wp:featuredmedia":[{"embeddable":true,"href":"https:\/\/modamentha.com.br\/index.php?rest_route=\/wp\/v2\/media\/74240"}],"wp:attachment":[{"href":"https:\/\/modamentha.com.br\/index.php?rest_route=%2Fwp%2Fv2%2Fmedia&parent=74251"}],"curies":[{"name":"wp","href":"https:\/\/api.w.org\/{rel}","templated":true}]}}