{"id":74369,"date":"2025-03-27T18:23:20","date_gmt":"2025-03-27T21:23:20","guid":{"rendered":"https:\/\/modamentha.com.br\/?post_type=product&#038;p=74369"},"modified":"2025-11-12T13:08:45","modified_gmt":"2025-11-12T16:08:45","slug":"blusa-peplum-jabo","status":"publish","type":"product","link":"https:\/\/modamentha.com.br\/?product=blusa-peplum-jabo","title":{"rendered":"Blusa Peplum Jab\u00f4"},"content":{"rendered":"","protected":false},"excerpt":{"rendered":"<p>Blusa em chiffon liso. Possui babado no decote com rolet\u00ea para amarra\u00e7\u00e3o, fechamento em bot\u00e3o forrado na frente, el\u00e1stico no punho com rolet\u00ea lateral. Acompanha top interno em meia malha com al\u00e7as regul\u00e1veis.<\/p>\n<p>Composi\u00e7\u00e3o:<br \/>\n100% POLI\u00c9STER<br \/>\nFORRO<br \/>\n100% POLI\u00c9STER<\/p>\n<p>MEDIDAS:<br \/>\nBusto: P:94cm |M:98cm |G:102cm<br \/>\nCintura: P:77cm |M:81cm |G:85cm<br \/>\nComprimento Manga: P:65cm |M:65,5cm |G:66cm<br \/>\nComprimento Total: P:55cm |M:56cm |G:57cm <\/p>\n","protected":false},"featured_media":74373,"template":"","meta":{"spay_email":""},"supplier_id":null,"supplier_sku":"","atum_controlled":true,"out_stock_date":null,"out_stock_threshold":null,"inheritable":true,"inbound_stock":0,"stock_on_hold":0,"sold_today":0,"sales_last_days":1,"reserved_stock":0,"customer_returns":0,"warehouse_damage":0,"lost_in_post":0,"other_logs":0,"out_stock_days":null,"lost_sales":0,"has_location":false,"update_date":"2025-03-31T15:21:27","atum_locations":[],"atum_stock_status":"instock","low_stock":false,"_links":{"self":[{"href":"https:\/\/modamentha.com.br\/index.php?rest_route=\/wp\/v2\/product\/74369"}],"collection":[{"href":"https:\/\/modamentha.com.br\/index.php?rest_route=\/wp\/v2\/product"}],"about":[{"href":"https:\/\/modamentha.com.br\/index.php?rest_route=\/wp\/v2\/types\/product"}],"wp:featuredmedia":[{"embeddable":true,"href":"https:\/\/modamentha.com.br\/index.php?rest_route=\/wp\/v2\/media\/74373"}],"wp:attachment":[{"href":"https:\/\/modamentha.com.br\/index.php?rest_route=%2Fwp%2Fv2%2Fmedia&parent=74369"}],"curies":[{"name":"wp","href":"https:\/\/api.w.org\/{rel}","templated":true}]}}