{"id":74427,"date":"2025-03-28T09:38:00","date_gmt":"2025-03-28T12:38:00","guid":{"rendered":"https:\/\/modamentha.com.br\/?post_type=product&#038;p=74427"},"modified":"2026-03-11T16:35:48","modified_gmt":"2026-03-11T19:35:48","slug":"calca-reta-elastico-passante","status":"publish","type":"product","link":"https:\/\/modamentha.com.br\/?product=calca-reta-elastico-passante","title":{"rendered":"Cal\u00e7a Reta El\u00e1stico Passante"},"content":{"rendered":"","protected":false},"excerpt":{"rendered":"<p>Cal\u00e7a reta em alfaiataria leve com elastano. Possui c\u00f3s com passante, z\u00edper de nylon lateral, bolso faca, pregas, el\u00e1stico no c\u00f3s costas e forro.<\/p>\n<p>Composi\u00e7\u00e3o:<br \/>\n94% POLI\u00c9STER<br \/>\n06% ELASTANO<br \/>\nFORRO<br \/>\n100% POLI\u00c9STER<\/p>\n<p>MEDIDAS:<br \/>\nCintura: P:72cm |M:76cm |G:80cm<br \/>\nQuadril: P:100cm |M:104cm |G:108cm<br \/>\nComprimento Total: P:114cm |M:114cm |G:114cm <\/p>\n","protected":false},"featured_media":74394,"template":"","meta":{"spay_email":""},"supplier_id":null,"supplier_sku":"","atum_controlled":true,"out_stock_date":null,"out_stock_threshold":null,"inheritable":true,"inbound_stock":0,"stock_on_hold":0,"sold_today":null,"sales_last_days":null,"reserved_stock":0,"customer_returns":0,"warehouse_damage":0,"lost_in_post":0,"other_logs":0,"out_stock_days":null,"lost_sales":null,"has_location":false,"update_date":"2025-03-28T15:39:46","atum_locations":[],"atum_stock_status":"instock","low_stock":false,"_links":{"self":[{"href":"https:\/\/modamentha.com.br\/index.php?rest_route=\/wp\/v2\/product\/74427"}],"collection":[{"href":"https:\/\/modamentha.com.br\/index.php?rest_route=\/wp\/v2\/product"}],"about":[{"href":"https:\/\/modamentha.com.br\/index.php?rest_route=\/wp\/v2\/types\/product"}],"wp:featuredmedia":[{"embeddable":true,"href":"https:\/\/modamentha.com.br\/index.php?rest_route=\/wp\/v2\/media\/74394"}],"wp:attachment":[{"href":"https:\/\/modamentha.com.br\/index.php?rest_route=%2Fwp%2Fv2%2Fmedia&parent=74427"}],"curies":[{"name":"wp","href":"https:\/\/api.w.org\/{rel}","templated":true}]}}