{"id":74621,"date":"2025-04-01T10:04:42","date_gmt":"2025-04-01T13:04:42","guid":{"rendered":"https:\/\/modamentha.com.br\/?post_type=product&#038;p=74621"},"modified":"2026-01-16T18:01:44","modified_gmt":"2026-01-16T21:01:44","slug":"vestido-drapeado-alfaiataria","status":"publish","type":"product","link":"https:\/\/modamentha.com.br\/?product=vestido-drapeado-alfaiataria","title":{"rendered":"Vestido Drapeado Alfaiataria"},"content":{"rendered":"","protected":false},"excerpt":{"rendered":"<p>Vestido confeccionado em tecido plano com modelagem de alfaiataria, apresentando um shape reto que proporciona um caimento estruturado e sofisticado. Possui gola arredondada, design sem mangas e ombros marcados, conferindo eleg\u00e2ncia \u00e0 pe\u00e7a. O destaque fica por conta do detalhe frontal com franzido sutil e adorno de metal org\u00e2nico, agregando um toque moderno e exclusivo. A fenda lateral adiciona fluidez e leveza ao visual. O fechamento \u00e9 feito com abotoamento posterior e z\u00edper invis\u00edvel na lateral, garantindo um acabamento impec\u00e1vel. Essencial para compor looks refinados e casuais, esse vestido \u00e9 a escolha ideal para quem busca sofistica\u00e7\u00e3o com um toque contempor\u00e2neo.<\/p>\n<p>Tecido:<br \/>\nAlfaiataria<\/p>\n<p>Composi\u00e7\u00e3o:<br \/>\n100% Poli\u00e9ster<\/p>\n<p>Tabela de Medidas:<br \/>\nP &#8211; Busto 88.00 cm | Cintura 74.00 cm | Quadril 95.00 cm | Comprimento 126.00 cm<br \/>\nM &#8211; Busto 92.00 cm | Cintura 78.00 cm | Quadril 99.00 cm | Comprimento 128.00 cm<br \/>\nG &#8211; Busto 96.00 cm | Cintura 82.00 cm | Quadril 103.00 cm | Comprimento 130.00 cm<\/p>\n","protected":false},"featured_media":74566,"template":"","meta":{"spay_email":""},"supplier_id":null,"supplier_sku":"","atum_controlled":true,"out_stock_date":null,"out_stock_threshold":null,"inheritable":true,"inbound_stock":0,"stock_on_hold":0,"sold_today":null,"sales_last_days":null,"reserved_stock":0,"customer_returns":0,"warehouse_damage":0,"lost_in_post":0,"other_logs":0,"out_stock_days":null,"lost_sales":null,"has_location":false,"update_date":"2025-04-01T17:27:36","atum_locations":[],"atum_stock_status":"instock","low_stock":false,"_links":{"self":[{"href":"https:\/\/modamentha.com.br\/index.php?rest_route=\/wp\/v2\/product\/74621"}],"collection":[{"href":"https:\/\/modamentha.com.br\/index.php?rest_route=\/wp\/v2\/product"}],"about":[{"href":"https:\/\/modamentha.com.br\/index.php?rest_route=\/wp\/v2\/types\/product"}],"wp:featuredmedia":[{"embeddable":true,"href":"https:\/\/modamentha.com.br\/index.php?rest_route=\/wp\/v2\/media\/74566"}],"wp:attachment":[{"href":"https:\/\/modamentha.com.br\/index.php?rest_route=%2Fwp%2Fv2%2Fmedia&parent=74621"}],"curies":[{"name":"wp","href":"https:\/\/api.w.org\/{rel}","templated":true}]}}