{"id":74968,"date":"2025-04-07T14:20:21","date_gmt":"2025-04-07T17:20:21","guid":{"rendered":"https:\/\/modamentha.com.br\/?post_type=product&#038;p=74968"},"modified":"2025-11-29T12:41:06","modified_gmt":"2025-11-29T15:41:06","slug":"conjunto-top-e-saia-midi-2","status":"publish","type":"product","link":"https:\/\/modamentha.com.br\/?product=conjunto-top-e-saia-midi-2","title":{"rendered":"Conjunto Top e Saia Midi"},"content":{"rendered":"","protected":false},"excerpt":{"rendered":"<p>Conjunto em couro PU. Top regata possui recortes na frente, fechamento em z\u00edper de metal destac\u00e1vel nas costas e corpo forrado. Saia midi possui recortes, fechamento em z\u00edper de metal nas costas e forro meia malha<\/p>\n<p>100% POLI\u00c9STER REVESTIDO: 100% POLIURETANO | FORRO 100% POLI\u00c9STER<\/p>\n<p>MEDIDAS TOP REGATA<br \/>\nBusto: P:84cm |M:88cm |G:92cm<br \/>\nCintura: P:73cm |M:77cm |G:81cm<br \/>\nComprimento Total: P:46cm |M:46cm |G:46cm <\/p>\n<p>MEDIDAS SAIA MIDI<br \/>\nCintura: P:72cm |M:76cm |G:80cm<br \/>\nQuadril: P:98cm |M:102cm |G:106cm<br \/>\nComprimento Total: P:81cm |M:82cm |G:83cm <\/p>\n","protected":false},"featured_media":74984,"template":"","meta":{"spay_email":""},"supplier_id":null,"supplier_sku":"","atum_controlled":true,"out_stock_date":null,"out_stock_threshold":null,"inheritable":true,"inbound_stock":0,"stock_on_hold":0,"sold_today":null,"sales_last_days":null,"reserved_stock":0,"customer_returns":0,"warehouse_damage":0,"lost_in_post":0,"other_logs":0,"out_stock_days":null,"lost_sales":null,"has_location":false,"update_date":"2025-04-07T20:22:32","atum_locations":[],"atum_stock_status":"instock","low_stock":false,"_links":{"self":[{"href":"https:\/\/modamentha.com.br\/index.php?rest_route=\/wp\/v2\/product\/74968"}],"collection":[{"href":"https:\/\/modamentha.com.br\/index.php?rest_route=\/wp\/v2\/product"}],"about":[{"href":"https:\/\/modamentha.com.br\/index.php?rest_route=\/wp\/v2\/types\/product"}],"wp:featuredmedia":[{"embeddable":true,"href":"https:\/\/modamentha.com.br\/index.php?rest_route=\/wp\/v2\/media\/74984"}],"wp:attachment":[{"href":"https:\/\/modamentha.com.br\/index.php?rest_route=%2Fwp%2Fv2%2Fmedia&parent=74968"}],"curies":[{"name":"wp","href":"https:\/\/api.w.org\/{rel}","templated":true}]}}