{"id":75301,"date":"2025-04-09T17:48:44","date_gmt":"2025-04-09T20:48:44","guid":{"rendered":"https:\/\/modamentha.com.br\/?post_type=product&#038;p=75301"},"modified":"2026-03-02T10:50:09","modified_gmt":"2026-03-02T13:50:09","slug":"short-saia-cos-botao-6","status":"publish","type":"product","link":"https:\/\/modamentha.com.br\/?product=short-saia-cos-botao-6","title":{"rendered":"Short Saia C\u00f3s Bot\u00e3o"},"content":{"rendered":"","protected":false},"excerpt":{"rendered":"<p>Shorts saia em alfaiataria de algod\u00e3o com poliamida e elastano. Possui bolso faca, estrutura de forro com shorts por dentro da saia, c\u00f3s com bot\u00e3o forrado e fechamento em z\u00edper.<\/p>\n<p>Composi\u00e7\u00e3o:<br \/>\n50% ALGOD\u00c3O 46% POLIAMIDA 4% ELASTANO<br \/>\nFORRO 100% POLI\u00c9STER<\/p>\n<p>MEDIDAS<br \/>\nCintura: 38:72cm | 40:76cm | 42:80cm | 44:84cm<br \/>\nQuadril: 38:96cm | 40:100cm | 42:104cm | 42:108cm<br \/>\nComprimento Costas:  38:42cm | 40:43cm | 42:44cm | 42:45cm<\/p>\n","protected":false},"featured_media":75310,"template":"","meta":{"spay_email":""},"supplier_id":null,"supplier_sku":"","atum_controlled":true,"out_stock_date":null,"out_stock_threshold":null,"inheritable":true,"inbound_stock":0,"stock_on_hold":0,"sold_today":1,"sales_last_days":2,"reserved_stock":0,"customer_returns":0,"warehouse_damage":0,"lost_in_post":0,"other_logs":0,"out_stock_days":null,"lost_sales":0,"has_location":false,"update_date":"2025-06-20T23:34:55","atum_locations":[],"atum_stock_status":"instock","low_stock":false,"_links":{"self":[{"href":"https:\/\/modamentha.com.br\/index.php?rest_route=\/wp\/v2\/product\/75301"}],"collection":[{"href":"https:\/\/modamentha.com.br\/index.php?rest_route=\/wp\/v2\/product"}],"about":[{"href":"https:\/\/modamentha.com.br\/index.php?rest_route=\/wp\/v2\/types\/product"}],"wp:featuredmedia":[{"embeddable":true,"href":"https:\/\/modamentha.com.br\/index.php?rest_route=\/wp\/v2\/media\/75310"}],"wp:attachment":[{"href":"https:\/\/modamentha.com.br\/index.php?rest_route=%2Fwp%2Fv2%2Fmedia&parent=75301"}],"curies":[{"name":"wp","href":"https:\/\/api.w.org\/{rel}","templated":true}]}}