{"id":75564,"date":"2025-04-11T22:06:13","date_gmt":"2025-04-12T01:06:13","guid":{"rendered":"https:\/\/modamentha.com.br\/?post_type=product&#038;p=75564"},"modified":"2025-07-01T11:23:10","modified_gmt":"2025-07-01T14:23:10","slug":"calca-alfaiataria-pala-cruzada","status":"publish","type":"product","link":"https:\/\/modamentha.com.br\/?product=calca-alfaiataria-pala-cruzada","title":{"rendered":"Cal\u00e7a Alfaiataria Pala Cruzada"},"content":{"rendered":"","protected":false},"excerpt":{"rendered":"<p>Cal\u00e7a cenoura em alfaiataria leve com elastano. Possui pala transpassada, pregas e fechamento em z\u00edper de nylon lateral.<\/p>\n<p>COMPOSI\u00c7\u00c3O:<br \/>\n94% POLI\u00c9STER<br \/>\n06% ELASTANO<\/p>\n<p>MEDIDAS:<br \/>\nCintura: P:72cm |M:76cm |G:80cm<br \/>\nQuadril: P:98cm |M:102cm |G:106cm<br \/>\nComprimento Total: P:98cm |M:99cm |G:100cm <\/p>\n","protected":false},"featured_media":75565,"template":"","meta":{"spay_email":""},"supplier_id":null,"supplier_sku":"","atum_controlled":true,"out_stock_date":null,"out_stock_threshold":null,"inheritable":true,"inbound_stock":0,"stock_on_hold":0,"sold_today":null,"sales_last_days":null,"reserved_stock":0,"customer_returns":0,"warehouse_damage":0,"lost_in_post":0,"other_logs":0,"out_stock_days":null,"lost_sales":null,"has_location":false,"update_date":"2025-04-12T04:08:04","atum_locations":[],"atum_stock_status":"instock","low_stock":false,"_links":{"self":[{"href":"https:\/\/modamentha.com.br\/index.php?rest_route=\/wp\/v2\/product\/75564"}],"collection":[{"href":"https:\/\/modamentha.com.br\/index.php?rest_route=\/wp\/v2\/product"}],"about":[{"href":"https:\/\/modamentha.com.br\/index.php?rest_route=\/wp\/v2\/types\/product"}],"wp:featuredmedia":[{"embeddable":true,"href":"https:\/\/modamentha.com.br\/index.php?rest_route=\/wp\/v2\/media\/75565"}],"wp:attachment":[{"href":"https:\/\/modamentha.com.br\/index.php?rest_route=%2Fwp%2Fv2%2Fmedia&parent=75564"}],"curies":[{"name":"wp","href":"https:\/\/api.w.org\/{rel}","templated":true}]}}