{"id":75782,"date":"2025-04-19T14:48:30","date_gmt":"2025-04-19T17:48:30","guid":{"rendered":"https:\/\/modamentha.com.br\/?post_type=product&#038;p=75782"},"modified":"2026-02-03T17:34:02","modified_gmt":"2026-02-03T20:34:02","slug":"regata-alca-babados","status":"publish","type":"product","link":"https:\/\/modamentha.com.br\/?product=regata-alca-babados","title":{"rendered":"Regata Al\u00e7a Babados"},"content":{"rendered":"","protected":false},"excerpt":{"rendered":"<p>Al\u00e7a em crepe liso. Possui al\u00e7as regul\u00e1veis e babado no busto com franzido localizado.<\/p>\n<p>COMPOSI\u00c7\u00c3O:<br \/>\n100% POLI\u00c9STER<\/p>\n<p>MEDIDAS:<br \/>\nBusto: P:88cm |M:92cm |G:96cm<br \/>\nComprimento Total: P:60cm |M:61cm |G:62cm <\/p>\n","protected":false},"featured_media":75775,"template":"","meta":{"spay_email":""},"supplier_id":null,"supplier_sku":"","atum_controlled":true,"out_stock_date":null,"out_stock_threshold":null,"inheritable":true,"inbound_stock":0,"stock_on_hold":0,"sold_today":null,"sales_last_days":null,"reserved_stock":0,"customer_returns":0,"warehouse_damage":0,"lost_in_post":0,"other_logs":0,"out_stock_days":null,"lost_sales":null,"has_location":false,"update_date":"2025-04-19T21:23:24","atum_locations":[],"atum_stock_status":"instock","low_stock":false,"_links":{"self":[{"href":"https:\/\/modamentha.com.br\/index.php?rest_route=\/wp\/v2\/product\/75782"}],"collection":[{"href":"https:\/\/modamentha.com.br\/index.php?rest_route=\/wp\/v2\/product"}],"about":[{"href":"https:\/\/modamentha.com.br\/index.php?rest_route=\/wp\/v2\/types\/product"}],"wp:featuredmedia":[{"embeddable":true,"href":"https:\/\/modamentha.com.br\/index.php?rest_route=\/wp\/v2\/media\/75775"}],"wp:attachment":[{"href":"https:\/\/modamentha.com.br\/index.php?rest_route=%2Fwp%2Fv2%2Fmedia&parent=75782"}],"curies":[{"name":"wp","href":"https:\/\/api.w.org\/{rel}","templated":true}]}}