{"id":77052,"date":"2025-05-12T18:13:01","date_gmt":"2025-05-12T21:13:01","guid":{"rendered":"https:\/\/modamentha.com.br\/?post_type=product&#038;p=77052"},"modified":"2025-07-24T11:35:13","modified_gmt":"2025-07-24T14:35:13","slug":"blusa-cashmere","status":"publish","type":"product","link":"https:\/\/modamentha.com.br\/?product=blusa-cashmere","title":{"rendered":"Blusa Cashmere"},"content":{"rendered":"","protected":false},"excerpt":{"rendered":"<p>Blusa de modelagem reta com mangas longas e decote redondo, confeccionada em malha de toque macio. O design minimalista tornando esta pe\u00e7a vers\u00e1til e f\u00e1cil de combinar, ideal para composi\u00e7\u00f5es casuais ou para sobreposi\u00e7\u00e3o em dias mais frios.<\/p>\n<p>Composi\u00e7\u00e3o:<br \/>\n33% acr\u00edlico 28% poli\u00e9ster 21% poliamida 12% viscose 6% cashmere<\/p>\n","protected":false},"featured_media":77007,"template":"","meta":{"spay_email":""},"supplier_id":null,"supplier_sku":"","atum_controlled":true,"out_stock_date":null,"out_stock_threshold":null,"inheritable":true,"inbound_stock":0,"stock_on_hold":0,"sold_today":null,"sales_last_days":null,"reserved_stock":0,"customer_returns":0,"warehouse_damage":0,"lost_in_post":0,"other_logs":0,"out_stock_days":null,"lost_sales":null,"has_location":false,"update_date":"2025-05-13T00:36:19","atum_locations":[],"atum_stock_status":"instock","low_stock":false,"_links":{"self":[{"href":"https:\/\/modamentha.com.br\/index.php?rest_route=\/wp\/v2\/product\/77052"}],"collection":[{"href":"https:\/\/modamentha.com.br\/index.php?rest_route=\/wp\/v2\/product"}],"about":[{"href":"https:\/\/modamentha.com.br\/index.php?rest_route=\/wp\/v2\/types\/product"}],"wp:featuredmedia":[{"embeddable":true,"href":"https:\/\/modamentha.com.br\/index.php?rest_route=\/wp\/v2\/media\/77007"}],"wp:attachment":[{"href":"https:\/\/modamentha.com.br\/index.php?rest_route=%2Fwp%2Fv2%2Fmedia&parent=77052"}],"curies":[{"name":"wp","href":"https:\/\/api.w.org\/{rel}","templated":true}]}}