{"id":77167,"date":"2025-05-16T16:58:38","date_gmt":"2025-05-16T19:58:38","guid":{"rendered":"https:\/\/modamentha.com.br\/?post_type=product&#038;p=77167"},"modified":"2025-07-05T13:10:49","modified_gmt":"2025-07-05T16:10:49","slug":"blusa-canelada-gola-alta","status":"publish","type":"product","link":"https:\/\/modamentha.com.br\/?product=blusa-canelada-gola-alta","title":{"rendered":"Blusa Canelada Gola Alta"},"content":{"rendered":"","protected":false},"excerpt":{"rendered":"<p>Blusa confeccionada em malha de viscose canelada, com caimento encorpado que valoriza a silhueta com eleg\u00e2ncia. Apresenta gola alta, mangas longas e shape justo, garantindo um visual moderno e alinhado ao corpo. Vers\u00e1til e atemporal, \u00e9 uma pe\u00e7a essencial no guarda-roupa, perfeita para compor produ\u00e7\u00f5es sofisticadas em diferentes ocasi\u00f5es.<\/p>\n<p>Tecido: <\/p>\n<p>Malha Viscose<\/p>\n<p>Composi\u00e7\u00e3o:<\/p>\n<p>93% Viscose<br \/>\n7% Elastano<\/p>\n<p>Tabela de Medidas:<br \/>\nP &#8211; Busto 70.00 cm | Cintura 63.00 cm | Comprimento 53.00 cm<br \/>\nM &#8211; Busto 74.00 cm | Cintura 67.00 cm | Comprimento 55.00 cm<br \/>\nG &#8211; Busto 78.00 cm | Cintura 71.00 cm | Comprimento 57.00 cm<\/p>\n","protected":false},"featured_media":77149,"template":"","meta":{"spay_email":""},"supplier_id":null,"supplier_sku":"","atum_controlled":true,"out_stock_date":null,"out_stock_threshold":null,"inheritable":true,"inbound_stock":0,"stock_on_hold":0,"sold_today":null,"sales_last_days":null,"reserved_stock":0,"customer_returns":0,"warehouse_damage":0,"lost_in_post":0,"other_logs":0,"out_stock_days":null,"lost_sales":null,"has_location":false,"update_date":"2025-05-16T23:12:48","atum_locations":[],"atum_stock_status":"instock","low_stock":false,"_links":{"self":[{"href":"https:\/\/modamentha.com.br\/index.php?rest_route=\/wp\/v2\/product\/77167"}],"collection":[{"href":"https:\/\/modamentha.com.br\/index.php?rest_route=\/wp\/v2\/product"}],"about":[{"href":"https:\/\/modamentha.com.br\/index.php?rest_route=\/wp\/v2\/types\/product"}],"wp:featuredmedia":[{"embeddable":true,"href":"https:\/\/modamentha.com.br\/index.php?rest_route=\/wp\/v2\/media\/77149"}],"wp:attachment":[{"href":"https:\/\/modamentha.com.br\/index.php?rest_route=%2Fwp%2Fv2%2Fmedia&parent=77167"}],"curies":[{"name":"wp","href":"https:\/\/api.w.org\/{rel}","templated":true}]}}