{"id":77253,"date":"2025-05-18T10:37:26","date_gmt":"2025-05-18T13:37:26","guid":{"rendered":"https:\/\/modamentha.com.br\/?post_type=product&#038;p=77253"},"modified":"2025-08-06T18:33:40","modified_gmt":"2025-08-06T21:33:40","slug":"trench-coat-alfaiataria","status":"publish","type":"product","link":"https:\/\/modamentha.com.br\/?product=trench-coat-alfaiataria","title":{"rendered":"Trench Coat Alfaiataria"},"content":{"rendered":"","protected":false},"excerpt":{"rendered":"<p>TRENCH COAT ALFAIATARIA BOLSOS FAIXA<\/p>\n<p>Tecido: alfaiataria <\/p>\n<p>Composi\u00e7\u00e3o: 91% viscose 9% poli\u00e9ster<\/p>\n","protected":false},"featured_media":77222,"template":"","meta":{"spay_email":""},"supplier_id":null,"supplier_sku":"","atum_controlled":true,"out_stock_date":null,"out_stock_threshold":null,"inheritable":true,"inbound_stock":0,"stock_on_hold":0,"sold_today":null,"sales_last_days":null,"reserved_stock":0,"customer_returns":0,"warehouse_damage":0,"lost_in_post":0,"other_logs":0,"out_stock_days":null,"lost_sales":null,"has_location":false,"update_date":"2025-05-18T16:38:10","atum_locations":[],"atum_stock_status":"instock","low_stock":false,"_links":{"self":[{"href":"https:\/\/modamentha.com.br\/index.php?rest_route=\/wp\/v2\/product\/77253"}],"collection":[{"href":"https:\/\/modamentha.com.br\/index.php?rest_route=\/wp\/v2\/product"}],"about":[{"href":"https:\/\/modamentha.com.br\/index.php?rest_route=\/wp\/v2\/types\/product"}],"wp:featuredmedia":[{"embeddable":true,"href":"https:\/\/modamentha.com.br\/index.php?rest_route=\/wp\/v2\/media\/77222"}],"wp:attachment":[{"href":"https:\/\/modamentha.com.br\/index.php?rest_route=%2Fwp%2Fv2%2Fmedia&parent=77253"}],"curies":[{"name":"wp","href":"https:\/\/api.w.org\/{rel}","templated":true}]}}