{"id":77697,"date":"2025-05-30T09:49:47","date_gmt":"2025-05-30T12:49:47","guid":{"rendered":"https:\/\/modamentha.com.br\/?post_type=product&#038;p=77697"},"modified":"2025-07-29T11:52:31","modified_gmt":"2025-07-29T14:52:31","slug":"calca-reta-fivela-organica","status":"publish","type":"product","link":"https:\/\/modamentha.com.br\/?product=calca-reta-fivela-organica","title":{"rendered":"Cal\u00e7a Reta Fivela Org\u00e2nica"},"content":{"rendered":"","protected":false},"excerpt":{"rendered":"<p>Cal\u00e7a reta em alfaiataria leve com elastano. Possui c\u00f3s com passante, fechamento em colchete interno, z\u00edper de nylon, pregas, el\u00e1stico no c\u00f3s e forro. Acompanha cinto do mesmo tecido com fivela de metal texturizada.<\/p>\n<p>COMPOSI\u00c7\u00c3O:<br \/>\n94% POLI\u00c9STER 6% ELASTANO<br \/>\nForro<br \/>\n100% POLI\u00c9STER<\/p>\n<p>MEDIDAS:<br \/>\nCintura: P:72cm |M:76cm |G:80cm<br \/>\nQuadril: P:100cm |M:104cm |G:108cm<br \/>\nComprimento Total: P:114cm |M:115cm |G:116cm <\/p>\n","protected":false},"featured_media":77669,"template":"","meta":{"spay_email":""},"supplier_id":null,"supplier_sku":"","atum_controlled":true,"out_stock_date":null,"out_stock_threshold":null,"inheritable":true,"inbound_stock":0,"stock_on_hold":0,"sold_today":null,"sales_last_days":null,"reserved_stock":0,"customer_returns":0,"warehouse_damage":0,"lost_in_post":0,"other_logs":0,"out_stock_days":null,"lost_sales":null,"has_location":false,"update_date":"2025-05-30T15:50:10","atum_locations":[],"atum_stock_status":"instock","low_stock":false,"_links":{"self":[{"href":"https:\/\/modamentha.com.br\/index.php?rest_route=\/wp\/v2\/product\/77697"}],"collection":[{"href":"https:\/\/modamentha.com.br\/index.php?rest_route=\/wp\/v2\/product"}],"about":[{"href":"https:\/\/modamentha.com.br\/index.php?rest_route=\/wp\/v2\/types\/product"}],"wp:featuredmedia":[{"embeddable":true,"href":"https:\/\/modamentha.com.br\/index.php?rest_route=\/wp\/v2\/media\/77669"}],"wp:attachment":[{"href":"https:\/\/modamentha.com.br\/index.php?rest_route=%2Fwp%2Fv2%2Fmedia&parent=77697"}],"curies":[{"name":"wp","href":"https:\/\/api.w.org\/{rel}","templated":true}]}}