{"id":78347,"date":"2025-06-19T13:14:59","date_gmt":"2025-06-19T16:14:59","guid":{"rendered":"https:\/\/modamentha.com.br\/?post_type=product&#038;p=78347"},"modified":"2025-07-25T12:04:12","modified_gmt":"2025-07-25T15:04:12","slug":"calca-montaria-couro-fake-brilho","status":"publish","type":"product","link":"https:\/\/modamentha.com.br\/?product=calca-montaria-couro-fake-brilho","title":{"rendered":"Cal\u00e7a Montaria Couro Fake"},"content":{"rendered":"","protected":false},"excerpt":{"rendered":"<p>Cal\u00e7a c\u00f3s e costas no tecido 68% viscose 27% poliamida 5% elastano.<\/p>\n<p>Frente tecido 100% poliester &#8220;couro ecologico&#8221;<\/p>\n<p>C\u00f3s com el\u00e1stico.<\/p>\n<p>N\u00e3o tem bot\u00f5es ou ziper.<\/p>\n","protected":false},"featured_media":78264,"template":"","meta":{"spay_email":""},"supplier_id":null,"supplier_sku":"","atum_controlled":true,"out_stock_date":null,"out_stock_threshold":null,"inheritable":true,"inbound_stock":0,"stock_on_hold":0,"sold_today":null,"sales_last_days":null,"reserved_stock":0,"customer_returns":0,"warehouse_damage":0,"lost_in_post":0,"other_logs":0,"out_stock_days":null,"lost_sales":null,"has_location":false,"update_date":"2025-06-19T19:19:36","atum_locations":[],"atum_stock_status":"instock","low_stock":false,"_links":{"self":[{"href":"https:\/\/modamentha.com.br\/index.php?rest_route=\/wp\/v2\/product\/78347"}],"collection":[{"href":"https:\/\/modamentha.com.br\/index.php?rest_route=\/wp\/v2\/product"}],"about":[{"href":"https:\/\/modamentha.com.br\/index.php?rest_route=\/wp\/v2\/types\/product"}],"wp:featuredmedia":[{"embeddable":true,"href":"https:\/\/modamentha.com.br\/index.php?rest_route=\/wp\/v2\/media\/78264"}],"wp:attachment":[{"href":"https:\/\/modamentha.com.br\/index.php?rest_route=%2Fwp%2Fv2%2Fmedia&parent=78347"}],"curies":[{"name":"wp","href":"https:\/\/api.w.org\/{rel}","templated":true}]}}