{"id":78782,"date":"2025-07-12T10:08:22","date_gmt":"2025-07-12T13:08:22","guid":{"rendered":"https:\/\/modamentha.com.br\/?post_type=product&#038;p=78782"},"modified":"2025-08-29T13:45:10","modified_gmt":"2025-08-29T16:45:10","slug":"vestido-tete","status":"publish","type":"product","link":"https:\/\/modamentha.com.br\/?product=vestido-tete","title":{"rendered":"Vestido Tet\u00ea"},"content":{"rendered":"","protected":false},"excerpt":{"rendered":"<p>Composi\u00e7\u00e3o:<br \/>\n92% Viscose, 8% Poli\u00e9ster,<br \/>\nTela<br \/>\n100% Poli\u00e9ster<br \/>\nForro<br \/>\n95% Viscose, 5% Poli\u00e9ster<\/p>\n","protected":false},"featured_media":78789,"template":"","meta":{"spay_email":""},"supplier_id":null,"supplier_sku":"","atum_controlled":true,"out_stock_date":null,"out_stock_threshold":null,"inheritable":true,"inbound_stock":0,"stock_on_hold":0,"sold_today":null,"sales_last_days":null,"reserved_stock":0,"customer_returns":0,"warehouse_damage":0,"lost_in_post":0,"other_logs":0,"out_stock_days":null,"lost_sales":null,"has_location":false,"update_date":"2025-07-24T15:54:42","atum_locations":[],"atum_stock_status":"outofstock","low_stock":false,"_links":{"self":[{"href":"https:\/\/modamentha.com.br\/index.php?rest_route=\/wp\/v2\/product\/78782"}],"collection":[{"href":"https:\/\/modamentha.com.br\/index.php?rest_route=\/wp\/v2\/product"}],"about":[{"href":"https:\/\/modamentha.com.br\/index.php?rest_route=\/wp\/v2\/types\/product"}],"wp:featuredmedia":[{"embeddable":true,"href":"https:\/\/modamentha.com.br\/index.php?rest_route=\/wp\/v2\/media\/78789"}],"wp:attachment":[{"href":"https:\/\/modamentha.com.br\/index.php?rest_route=%2Fwp%2Fv2%2Fmedia&parent=78782"}],"curies":[{"name":"wp","href":"https:\/\/api.w.org\/{rel}","templated":true}]}}