{"id":79143,"date":"2025-07-16T19:23:44","date_gmt":"2025-07-16T22:23:44","guid":{"rendered":"https:\/\/modamentha.com.br\/?post_type=product&#038;p=79143"},"modified":"2025-11-17T16:10:08","modified_gmt":"2025-11-17T19:10:08","slug":"blusa-assimetricas-pregas","status":"publish","type":"product","link":"https:\/\/modamentha.com.br\/?product=blusa-assimetricas-pregas","title":{"rendered":"Blusa Assim\u00e9tricas Pregas"},"content":{"rendered":"","protected":false},"excerpt":{"rendered":"<p>Blusa em crepe liso. Possui pregas, barra assim\u00e9trica com fenda lateral, z\u00edper de nylon lateral, el\u00e1stico no punho e fechamento nas costas em bot\u00e3o.<\/p>\n<p>COMPOSI\u00c7\u00c3O:<br \/>\n100% POLI\u00c9STER<\/p>\n<p>MEDIDAS:<br \/>\nBusto: P:90cm |M:94cm |G:98cm<br \/>\nComprimento Manga: P:62cm |M:62,5cm |G:63cm<br \/>\nComprimento Total: P:54-59cm |M:55-60cm |G:56-61cm <\/p>\n","protected":false},"featured_media":79070,"template":"","meta":{"spay_email":""},"supplier_id":null,"supplier_sku":"","atum_controlled":true,"out_stock_date":null,"out_stock_threshold":null,"inheritable":true,"inbound_stock":0,"stock_on_hold":0,"sold_today":null,"sales_last_days":null,"reserved_stock":0,"customer_returns":0,"warehouse_damage":0,"lost_in_post":0,"other_logs":0,"out_stock_days":null,"lost_sales":null,"has_location":false,"update_date":"2025-07-17T01:46:59","atum_locations":[],"atum_stock_status":"instock","low_stock":false,"_links":{"self":[{"href":"https:\/\/modamentha.com.br\/index.php?rest_route=\/wp\/v2\/product\/79143"}],"collection":[{"href":"https:\/\/modamentha.com.br\/index.php?rest_route=\/wp\/v2\/product"}],"about":[{"href":"https:\/\/modamentha.com.br\/index.php?rest_route=\/wp\/v2\/types\/product"}],"wp:featuredmedia":[{"embeddable":true,"href":"https:\/\/modamentha.com.br\/index.php?rest_route=\/wp\/v2\/media\/79070"}],"wp:attachment":[{"href":"https:\/\/modamentha.com.br\/index.php?rest_route=%2Fwp%2Fv2%2Fmedia&parent=79143"}],"curies":[{"name":"wp","href":"https:\/\/api.w.org\/{rel}","templated":true}]}}