{"id":79442,"date":"2025-08-03T21:37:41","date_gmt":"2025-08-04T00:37:41","guid":{"rendered":"https:\/\/modamentha.com.br\/?post_type=product&#038;p=79442"},"modified":"2026-01-29T18:40:41","modified_gmt":"2026-01-29T21:40:41","slug":"blusa-alfaiataria-ombro-a-ombro","status":"publish","type":"product","link":"https:\/\/modamentha.com.br\/?product=blusa-alfaiataria-ombro-a-ombro","title":{"rendered":"Blusa Alfaiataria Ombro a Ombro"},"content":{"rendered":"","protected":false},"excerpt":{"rendered":"<p>Blusa confeccionada em tecido plano, com modelagem de alfaiataria que garante um caimento encorpado e estruturado. Possui decote ombro a ombro, que valoriza a regi\u00e3o do colo com eleg\u00e2ncia, al\u00e9m de pences frontais e posteriores que proporcionam um ajuste preciso ao corpo. O fechamento nas costas \u00e9 feito por z\u00edper invis\u00edvel, garantindo um acabamento discreto. O destaque fica por conta das aberturas laterais, que conferem um toque moderno ao design, e pela pe\u00e7a ser totalmente entretelada, o que refor\u00e7a a estrutura e a qualidade do caimento. Uma blusa sofisticada e contempor\u00e2nea, ideal para compor produ\u00e7\u00f5es elegantes.<\/p>\n<p>Tecido:<br \/>\nAlfaiataria<\/p>\n<p>Composi\u00e7\u00e3o:<br \/>\nCorpo E Forro:<br \/>\n100% Poli\u00e9ster<\/p>\n<p>Tabela de Medidas:<br \/>\nPP &#8211; Busto 78.00 cm | Cintura 70.00 cm<br \/>\nP &#8211; Busto 82.00 cm | Cintura 74.00 cm<br \/>\nM &#8211; Busto 86.00 cm | Cintura 78.00 cm<br \/>\nG &#8211; Busto 90.00 cm | Cintura 82.00 cm<\/p>\n","protected":false},"featured_media":79415,"template":"","meta":{"spay_email":""},"supplier_id":null,"supplier_sku":"","atum_controlled":true,"out_stock_date":null,"out_stock_threshold":null,"inheritable":true,"inbound_stock":0,"stock_on_hold":0,"sold_today":null,"sales_last_days":null,"reserved_stock":0,"customer_returns":0,"warehouse_damage":0,"lost_in_post":0,"other_logs":0,"out_stock_days":null,"lost_sales":null,"has_location":false,"update_date":"2025-08-04T13:47:14","atum_locations":[],"atum_stock_status":"instock","low_stock":false,"_links":{"self":[{"href":"https:\/\/modamentha.com.br\/index.php?rest_route=\/wp\/v2\/product\/79442"}],"collection":[{"href":"https:\/\/modamentha.com.br\/index.php?rest_route=\/wp\/v2\/product"}],"about":[{"href":"https:\/\/modamentha.com.br\/index.php?rest_route=\/wp\/v2\/types\/product"}],"wp:featuredmedia":[{"embeddable":true,"href":"https:\/\/modamentha.com.br\/index.php?rest_route=\/wp\/v2\/media\/79415"}],"wp:attachment":[{"href":"https:\/\/modamentha.com.br\/index.php?rest_route=%2Fwp%2Fv2%2Fmedia&parent=79442"}],"curies":[{"name":"wp","href":"https:\/\/api.w.org\/{rel}","templated":true}]}}