{"id":79671,"date":"2025-08-13T09:14:28","date_gmt":"2025-08-13T12:14:28","guid":{"rendered":"https:\/\/modamentha.com.br\/?post_type=product&#038;p=79671"},"modified":"2025-11-17T17:10:57","modified_gmt":"2025-11-17T20:10:57","slug":"regata-decote-degage-aviamento","status":"publish","type":"product","link":"https:\/\/modamentha.com.br\/?product=regata-decote-degage-aviamento","title":{"rendered":"Regata Decote Degag\u00ea Aviamento"},"content":{"rendered":"","protected":false},"excerpt":{"rendered":"<p>Regata em crepe liso. Possui decote degag\u00ea com aviamento de metal, fechamento nas costas em bot\u00e3o e meio corpo duplo com el\u00e1stico.<\/p>\n<p>Composi\u00e7\u00e3o:<br \/>\n100 % POLI\u00c9STER<\/p>\n<p>MEDIDAS<br \/>\nBusto: P:90cm | M:94cm<br \/>\nComprimento: P:59cm | M:60cm <\/p>\n","protected":false},"featured_media":79672,"template":"","meta":{"spay_email":""},"supplier_id":null,"supplier_sku":"","atum_controlled":true,"out_stock_date":null,"out_stock_threshold":null,"inheritable":true,"inbound_stock":0,"stock_on_hold":0,"sold_today":null,"sales_last_days":null,"reserved_stock":0,"customer_returns":0,"warehouse_damage":0,"lost_in_post":0,"other_logs":0,"out_stock_days":null,"lost_sales":null,"has_location":false,"update_date":"2025-08-13T20:32:18","atum_locations":[],"atum_stock_status":"instock","low_stock":false,"_links":{"self":[{"href":"https:\/\/modamentha.com.br\/index.php?rest_route=\/wp\/v2\/product\/79671"}],"collection":[{"href":"https:\/\/modamentha.com.br\/index.php?rest_route=\/wp\/v2\/product"}],"about":[{"href":"https:\/\/modamentha.com.br\/index.php?rest_route=\/wp\/v2\/types\/product"}],"wp:featuredmedia":[{"embeddable":true,"href":"https:\/\/modamentha.com.br\/index.php?rest_route=\/wp\/v2\/media\/79672"}],"wp:attachment":[{"href":"https:\/\/modamentha.com.br\/index.php?rest_route=%2Fwp%2Fv2%2Fmedia&parent=79671"}],"curies":[{"name":"wp","href":"https:\/\/api.w.org\/{rel}","templated":true}]}}