{"id":79803,"date":"2025-08-13T10:41:19","date_gmt":"2025-08-13T13:41:19","guid":{"rendered":"https:\/\/modamentha.com.br\/?post_type=product&#038;p=79803"},"modified":"2026-02-14T12:22:39","modified_gmt":"2026-02-14T15:22:39","slug":"vestido-curto-camadas-floral","status":"publish","type":"product","link":"https:\/\/modamentha.com.br\/?product=vestido-curto-camadas-floral","title":{"rendered":"Vestido Curto Camadas Floral"},"content":{"rendered":"","protected":false},"excerpt":{"rendered":"<p>Vestido curto em crepe floral exclusivo. Possui decote em V com rolet\u00ea fixo na al\u00e7a, bot\u00e3o forrado e z\u00edper de nylon para fechamento lateral, babados na barra, el\u00e1stico na cintura e forro.<\/p>\n<p>Composi\u00e7\u00e3o:<br \/>\n100% POLI\u00c9STER | FORRO 100% POLI\u00c9STER<\/p>\n<p>MEDIDAS:<br \/>\nBusto: P:90cm |M:94cm<br \/>\nCintura: P:72cm |M:76cm<br \/>\nQuadril: P:100cm |M:104cm<br \/>\nComprimento Total: P:87cm |M:88,5cm <\/p>\n","protected":false},"featured_media":79805,"template":"","meta":{"spay_email":""},"supplier_id":null,"supplier_sku":"","atum_controlled":true,"out_stock_date":null,"out_stock_threshold":null,"inheritable":true,"inbound_stock":0,"stock_on_hold":0,"sold_today":null,"sales_last_days":null,"reserved_stock":0,"customer_returns":0,"warehouse_damage":0,"lost_in_post":0,"other_logs":0,"out_stock_days":null,"lost_sales":null,"has_location":false,"update_date":"2025-08-13T16:42:07","atum_locations":[],"atum_stock_status":"instock","low_stock":false,"_links":{"self":[{"href":"https:\/\/modamentha.com.br\/index.php?rest_route=\/wp\/v2\/product\/79803"}],"collection":[{"href":"https:\/\/modamentha.com.br\/index.php?rest_route=\/wp\/v2\/product"}],"about":[{"href":"https:\/\/modamentha.com.br\/index.php?rest_route=\/wp\/v2\/types\/product"}],"wp:featuredmedia":[{"embeddable":true,"href":"https:\/\/modamentha.com.br\/index.php?rest_route=\/wp\/v2\/media\/79805"}],"wp:attachment":[{"href":"https:\/\/modamentha.com.br\/index.php?rest_route=%2Fwp%2Fv2%2Fmedia&parent=79803"}],"curies":[{"name":"wp","href":"https:\/\/api.w.org\/{rel}","templated":true}]}}