{"id":81019,"date":"2025-08-30T11:39:06","date_gmt":"2025-08-30T14:39:06","guid":{"rendered":"https:\/\/modamentha.com.br\/?post_type=product&#038;p=81019"},"modified":"2025-10-04T10:06:27","modified_gmt":"2025-10-04T13:06:27","slug":"calca-jeans-2","status":"publish","type":"product","link":"https:\/\/modamentha.com.br\/?product=calca-jeans-2","title":{"rendered":"Cal\u00e7a Jeans"},"content":{"rendered":"","protected":false},"excerpt":{"rendered":"<p>Cal\u00e7a confeccionada em jeans de algod\u00e3o, com caimento reto que proporciona conforto e versatilidade. Possui modelagem cl\u00e1ssica, tr\u00eas bolsos dianteiros, dois bolsos posteriores, c\u00f3s com passantes fixos, pala traseira, detalhe de pence na perna e barra normal. O fechamento \u00e9 feito na vista com z\u00edper e bot\u00e3o de metal, proporcionando praticidade \u00c9 uma pe\u00e7a perfeita para compor looks vers\u00e1teis e modernos, ideais para ocasi\u00f5es casuais ou produ\u00e7\u00f5es do dia a dia.<\/p>\n<p>Tecido:<br \/>\nJeans<\/p>\n<p>Composi\u00e7\u00e3o:<br \/>\nCorpo:<br \/>\n100% Algod\u00e3o<br \/>\nForro dos bolsos:<br \/>\n55% Algod\u00e3o<br \/>\n45% Poli\u00e9ster<\/p>\n<p>Tabela de Medidas:<br \/>\n36 \u2013 Cintura 94 cm | Quadril 94 cm | Comprimento 111 cm<br \/>\n38 \u2013 Cintura 98 cm | Quadril 98 cm | Comprimento 113 cm<br \/>\n40 \u2013 Cintura 102 cm | Quadril 102 cm | Comprimento 115 cm<br \/>\n42 \u2013 Cintura 106 cm | Quadril 106 cm | Comprimento 117 cm<\/p>\n","protected":false},"featured_media":81012,"template":"","meta":{"spay_email":""},"supplier_id":null,"supplier_sku":"","atum_controlled":true,"out_stock_date":null,"out_stock_threshold":null,"inheritable":true,"inbound_stock":0,"stock_on_hold":0,"sold_today":null,"sales_last_days":null,"reserved_stock":0,"customer_returns":0,"warehouse_damage":0,"lost_in_post":0,"other_logs":0,"out_stock_days":null,"lost_sales":null,"has_location":false,"update_date":"2025-08-30T17:40:28","atum_locations":[],"atum_stock_status":"instock","low_stock":false,"_links":{"self":[{"href":"https:\/\/modamentha.com.br\/index.php?rest_route=\/wp\/v2\/product\/81019"}],"collection":[{"href":"https:\/\/modamentha.com.br\/index.php?rest_route=\/wp\/v2\/product"}],"about":[{"href":"https:\/\/modamentha.com.br\/index.php?rest_route=\/wp\/v2\/types\/product"}],"wp:featuredmedia":[{"embeddable":true,"href":"https:\/\/modamentha.com.br\/index.php?rest_route=\/wp\/v2\/media\/81012"}],"wp:attachment":[{"href":"https:\/\/modamentha.com.br\/index.php?rest_route=%2Fwp%2Fv2%2Fmedia&parent=81019"}],"curies":[{"name":"wp","href":"https:\/\/api.w.org\/{rel}","templated":true}]}}