{"id":81233,"date":"2025-09-02T10:00:50","date_gmt":"2025-09-02T13:00:50","guid":{"rendered":"https:\/\/modamentha.com.br\/?post_type=product&#038;p=81233"},"modified":"2026-01-08T15:56:21","modified_gmt":"2026-01-08T18:56:21","slug":"regata-alca-detalhe-franzido-color","status":"publish","type":"product","link":"https:\/\/modamentha.com.br\/?product=regata-alca-detalhe-franzido-color","title":{"rendered":"Regata Al\u00e7a Detalhe Franzido Color"},"content":{"rendered":"","protected":false},"excerpt":{"rendered":"<p>Al\u00e7a em alfaiataria fluida com textura de linho tie dye. Possui decote em V, al\u00e7as com amarra\u00e7\u00e3o, franzido localizado, el\u00e1stico nas costas e busto forrado.<\/p>\n<p>Composi\u00e7\u00e3o:<br \/>\n60% VISCOSE 40% POLI\u00c9STER | FORRO 100% POLI\u00c9STER<\/p>\n<p>MEDIDAS:<br \/>\nBusto: P:90cm |M:94cm |G:98cm<br \/>\nComprimento Total: P:60cm |M:61cm |G:62cm <\/p>\n","protected":false},"featured_media":81158,"template":"","meta":{"spay_email":""},"supplier_id":null,"supplier_sku":"","atum_controlled":true,"out_stock_date":null,"out_stock_threshold":null,"inheritable":true,"inbound_stock":0,"stock_on_hold":0,"sold_today":null,"sales_last_days":null,"reserved_stock":0,"customer_returns":0,"warehouse_damage":0,"lost_in_post":0,"other_logs":0,"out_stock_days":null,"lost_sales":null,"has_location":false,"update_date":"2025-09-02T16:25:51","atum_locations":[],"atum_stock_status":"instock","low_stock":false,"_links":{"self":[{"href":"https:\/\/modamentha.com.br\/index.php?rest_route=\/wp\/v2\/product\/81233"}],"collection":[{"href":"https:\/\/modamentha.com.br\/index.php?rest_route=\/wp\/v2\/product"}],"about":[{"href":"https:\/\/modamentha.com.br\/index.php?rest_route=\/wp\/v2\/types\/product"}],"wp:featuredmedia":[{"embeddable":true,"href":"https:\/\/modamentha.com.br\/index.php?rest_route=\/wp\/v2\/media\/81158"}],"wp:attachment":[{"href":"https:\/\/modamentha.com.br\/index.php?rest_route=%2Fwp%2Fv2%2Fmedia&parent=81233"}],"curies":[{"name":"wp","href":"https:\/\/api.w.org\/{rel}","templated":true}]}}