{"id":81320,"date":"2025-09-05T15:53:36","date_gmt":"2025-09-05T18:53:36","guid":{"rendered":"https:\/\/modamentha.com.br\/?post_type=product&#038;p=81320"},"modified":"2026-01-17T12:10:17","modified_gmt":"2026-01-17T15:10:17","slug":"conjunto-alfaiataria-tunica-e-short","status":"publish","type":"product","link":"https:\/\/modamentha.com.br\/?product=conjunto-alfaiataria-tunica-e-short","title":{"rendered":"Conjunto Alfaiataria T\u00fanica e Short"},"content":{"rendered":"","protected":false},"excerpt":{"rendered":"<p>T\u00fanica em alfaiataria mista texturizada. Possui decote em V, vista lateral com bot\u00e3o forrado e forro.<br \/>\nShorts em alfaiataria mista texturizada. Possui c\u00f3s, bolso faca, z\u00edper de nylon lateral e forro.<\/p>\n<p>Composi\u00e7\u00e3o:<br \/>\n92% VISCOSE 8% POLI\u00c9STER | FORRO 100% POLI\u00c9STER<\/p>\n<p>MEDIDAS T\u00daNICA:<br \/>\nBusto: P:90cm |M:94cm |G:98cm<br \/>\nComprimento Total: P:80cm |M:81cm |G:82cm <\/p>\n<p>MEDIDAS SHORT:<br \/>\nCintura: P:72cm |M:76cm |G:80cm<br \/>\nQuadril: P:101cm |M:105cm |G:109cm<br \/>\nComprimento Total: P:37cm |M:38cm |G:39cm <\/p>\n","protected":false},"featured_media":81331,"template":"","meta":{"spay_email":""},"supplier_id":null,"supplier_sku":"","atum_controlled":true,"out_stock_date":null,"out_stock_threshold":null,"inheritable":true,"inbound_stock":0,"stock_on_hold":0,"sold_today":null,"sales_last_days":null,"reserved_stock":0,"customer_returns":0,"warehouse_damage":0,"lost_in_post":0,"other_logs":0,"out_stock_days":null,"lost_sales":null,"has_location":false,"update_date":"2025-09-05T21:59:27","atum_locations":[],"atum_stock_status":"instock","low_stock":false,"_links":{"self":[{"href":"https:\/\/modamentha.com.br\/index.php?rest_route=\/wp\/v2\/product\/81320"}],"collection":[{"href":"https:\/\/modamentha.com.br\/index.php?rest_route=\/wp\/v2\/product"}],"about":[{"href":"https:\/\/modamentha.com.br\/index.php?rest_route=\/wp\/v2\/types\/product"}],"wp:featuredmedia":[{"embeddable":true,"href":"https:\/\/modamentha.com.br\/index.php?rest_route=\/wp\/v2\/media\/81331"}],"wp:attachment":[{"href":"https:\/\/modamentha.com.br\/index.php?rest_route=%2Fwp%2Fv2%2Fmedia&parent=81320"}],"curies":[{"name":"wp","href":"https:\/\/api.w.org\/{rel}","templated":true}]}}