{"id":81405,"date":"2025-09-08T17:11:00","date_gmt":"2025-09-08T20:11:00","guid":{"rendered":"https:\/\/modamentha.com.br\/?post_type=product&#038;p=81405"},"modified":"2026-01-24T10:48:05","modified_gmt":"2026-01-24T13:48:05","slug":"saia-midi-laise-botoes","status":"publish","type":"product","link":"https:\/\/modamentha.com.br\/?product=saia-midi-laise-botoes","title":{"rendered":"Saia Midi Laise Bot\u00f5es"},"content":{"rendered":"","protected":false},"excerpt":{"rendered":"<p>Saia midi em laise de algod\u00e3o. Possui colchete interno, z\u00edper de nylon, bolso faca, fenda na barra el\u00e1stico nas costas e forro.<\/p>\n<p>Composi\u00e7\u00e3o:<br \/>\n100% ALGOD\u00c3O | FORRO 100% POLI\u00c9STER<\/p>\n<p>MEDIDAS:<br \/>\nCintura: P:72cm |M:76cm |G:80cm<br \/>\nQuadril: P:100cm |M:104cm |G:108cm<br \/>\nComprimento Total: P:80cm |M:81cm |G:82cm <\/p>\n","protected":false},"featured_media":81385,"template":"","meta":{"spay_email":""},"supplier_id":null,"supplier_sku":"","atum_controlled":true,"out_stock_date":null,"out_stock_threshold":null,"inheritable":true,"inbound_stock":0,"stock_on_hold":0,"sold_today":null,"sales_last_days":null,"reserved_stock":0,"customer_returns":0,"warehouse_damage":0,"lost_in_post":0,"other_logs":0,"out_stock_days":null,"lost_sales":null,"has_location":false,"update_date":"2025-09-08T23:23:09","atum_locations":[],"atum_stock_status":"instock","low_stock":false,"_links":{"self":[{"href":"https:\/\/modamentha.com.br\/index.php?rest_route=\/wp\/v2\/product\/81405"}],"collection":[{"href":"https:\/\/modamentha.com.br\/index.php?rest_route=\/wp\/v2\/product"}],"about":[{"href":"https:\/\/modamentha.com.br\/index.php?rest_route=\/wp\/v2\/types\/product"}],"wp:featuredmedia":[{"embeddable":true,"href":"https:\/\/modamentha.com.br\/index.php?rest_route=\/wp\/v2\/media\/81385"}],"wp:attachment":[{"href":"https:\/\/modamentha.com.br\/index.php?rest_route=%2Fwp%2Fv2%2Fmedia&parent=81405"}],"curies":[{"name":"wp","href":"https:\/\/api.w.org\/{rel}","templated":true}]}}