{"id":81415,"date":"2025-09-08T17:15:42","date_gmt":"2025-09-08T20:15:42","guid":{"rendered":"https:\/\/modamentha.com.br\/?post_type=product&#038;p=81415"},"modified":"2026-01-09T10:55:36","modified_gmt":"2026-01-09T13:55:36","slug":"top-franzido-laise","status":"publish","type":"product","link":"https:\/\/modamentha.com.br\/?product=top-franzido-laise","title":{"rendered":"Top Franzido Laise"},"content":{"rendered":"","protected":false},"excerpt":{"rendered":"<p>Top em laise de algod\u00e3o. Possui al\u00e7a para amarra\u00e7\u00e3o, franzido localizado no decote, z\u00edper de metal destac\u00e1vel nas costas e forro.<\/p>\n<p>Composi\u00e7\u00e3o:<br \/>\n100% ALGOD\u00c3O | FORRO 100% POLI\u00c9STER<\/p>\n<p>MEDIDAS:<br \/>\nBusto: P:90cm |M:94cm |G:98cm<br \/>\nComprimento Total: P:44cm |M:45cm |G:46cm <\/p>\n","protected":false},"featured_media":81385,"template":"","meta":{"spay_email":""},"supplier_id":null,"supplier_sku":"","atum_controlled":true,"out_stock_date":null,"out_stock_threshold":null,"inheritable":true,"inbound_stock":0,"stock_on_hold":0,"sold_today":null,"sales_last_days":null,"reserved_stock":0,"customer_returns":0,"warehouse_damage":0,"lost_in_post":0,"other_logs":0,"out_stock_days":null,"lost_sales":null,"has_location":false,"update_date":"2025-09-08T23:23:01","atum_locations":[],"atum_stock_status":"instock","low_stock":false,"_links":{"self":[{"href":"https:\/\/modamentha.com.br\/index.php?rest_route=\/wp\/v2\/product\/81415"}],"collection":[{"href":"https:\/\/modamentha.com.br\/index.php?rest_route=\/wp\/v2\/product"}],"about":[{"href":"https:\/\/modamentha.com.br\/index.php?rest_route=\/wp\/v2\/types\/product"}],"wp:featuredmedia":[{"embeddable":true,"href":"https:\/\/modamentha.com.br\/index.php?rest_route=\/wp\/v2\/media\/81385"}],"wp:attachment":[{"href":"https:\/\/modamentha.com.br\/index.php?rest_route=%2Fwp%2Fv2%2Fmedia&parent=81415"}],"curies":[{"name":"wp","href":"https:\/\/api.w.org\/{rel}","templated":true}]}}