{"id":81955,"date":"2025-09-12T20:27:25","date_gmt":"2025-09-12T23:27:25","guid":{"rendered":"https:\/\/modamentha.com.br\/?post_type=product&#038;p=81955"},"modified":"2026-01-31T13:17:07","modified_gmt":"2026-01-31T16:17:07","slug":"colete-pences-frontais","status":"publish","type":"product","link":"https:\/\/modamentha.com.br\/?product=colete-pences-frontais","title":{"rendered":"Colete Pences Frontais"},"content":{"rendered":"","protected":false},"excerpt":{"rendered":"<p>Colete confeccionado em algod\u00e3o, com caimento encorpado e estruturado que real\u00e7a a silhueta. Apresenta modelagem cl\u00e1ssica, decote arredondado e sem mangas, al\u00e9m de pences frontais e recortes posteriores que proporcionam um ajuste impec\u00e1vel. Conta com bolsos invis\u00edveis nas laterais e fechamento por abotoamento frontal com bot\u00f5es geom\u00e9tricos. O detalhe de peplum na barra adiciona charme e sofistica\u00e7\u00e3o \u00e0 pe\u00e7a. Vers\u00e1til, \u00e9 ideal para compor produ\u00e7\u00f5es casuais e elegantes.<\/p>\n<p>Tecido:<br \/>\nAlgod\u00e3o<\/p>\n<p>Composi\u00e7\u00e3o:<br \/>\nCorpo<br \/>\n100% Algod\u00e3o<br \/>\nForro<br \/>\n92% Poli\u00e9ster<br \/>\n8% Elastano<\/p>\n<p>Tabela de Medidas:<br \/>\nP &#8211; Busto 94 cm | Cintura 77 cm | Comprimento 121 cm<br \/>\nM &#8211; Busto 98 cm | Cintura 81 cm | Comprimento 123 cm<br \/>\nG &#8211; Busto 102 cm | Cintura 88 cm | Comprimento 125 cm<\/p>\n","protected":false},"featured_media":82003,"template":"","meta":{"spay_email":""},"supplier_id":null,"supplier_sku":"","atum_controlled":true,"out_stock_date":null,"out_stock_threshold":null,"inheritable":true,"inbound_stock":0,"stock_on_hold":0,"sold_today":null,"sales_last_days":null,"reserved_stock":0,"customer_returns":0,"warehouse_damage":0,"lost_in_post":0,"other_logs":0,"out_stock_days":null,"lost_sales":null,"has_location":false,"update_date":"2025-09-13T16:31:08","atum_locations":[],"atum_stock_status":"instock","low_stock":false,"_links":{"self":[{"href":"https:\/\/modamentha.com.br\/index.php?rest_route=\/wp\/v2\/product\/81955"}],"collection":[{"href":"https:\/\/modamentha.com.br\/index.php?rest_route=\/wp\/v2\/product"}],"about":[{"href":"https:\/\/modamentha.com.br\/index.php?rest_route=\/wp\/v2\/types\/product"}],"wp:featuredmedia":[{"embeddable":true,"href":"https:\/\/modamentha.com.br\/index.php?rest_route=\/wp\/v2\/media\/82003"}],"wp:attachment":[{"href":"https:\/\/modamentha.com.br\/index.php?rest_route=%2Fwp%2Fv2%2Fmedia&parent=81955"}],"curies":[{"name":"wp","href":"https:\/\/api.w.org\/{rel}","templated":true}]}}