{"id":82147,"date":"2025-09-12T22:40:52","date_gmt":"2025-09-13T01:40:52","guid":{"rendered":"https:\/\/modamentha.com.br\/?post_type=product&#038;p=82147"},"modified":"2026-01-31T09:08:17","modified_gmt":"2026-01-31T12:08:17","slug":"colete-catarina","status":"publish","type":"product","link":"https:\/\/modamentha.com.br\/?product=colete-catarina","title":{"rendered":"Colete Catarina"},"content":{"rendered":"","protected":false},"excerpt":{"rendered":"<p>Alfaiataria em poliviscose encorpada<\/p>\n<p>Fechamento frontal com bot\u00f5es e azelhas Z\u00edper invis\u00edvel nas costas Modelagem ajustada com recortes que afinam a silhueta Design sofisticado<\/p>\n<p>Composi\u00e7\u00e3o:<br \/>\n92% Viscose, 8% Poli\u00e9ster<\/p>\n","protected":false},"featured_media":81844,"template":"","meta":{"spay_email":""},"supplier_id":null,"supplier_sku":"","atum_controlled":true,"out_stock_date":null,"out_stock_threshold":null,"inheritable":true,"inbound_stock":0,"stock_on_hold":0,"sold_today":null,"sales_last_days":null,"reserved_stock":0,"customer_returns":0,"warehouse_damage":0,"lost_in_post":0,"other_logs":0,"out_stock_days":null,"lost_sales":null,"has_location":false,"update_date":"2025-09-13T14:59:28","atum_locations":[],"atum_stock_status":"instock","low_stock":false,"_links":{"self":[{"href":"https:\/\/modamentha.com.br\/index.php?rest_route=\/wp\/v2\/product\/82147"}],"collection":[{"href":"https:\/\/modamentha.com.br\/index.php?rest_route=\/wp\/v2\/product"}],"about":[{"href":"https:\/\/modamentha.com.br\/index.php?rest_route=\/wp\/v2\/types\/product"}],"wp:featuredmedia":[{"embeddable":true,"href":"https:\/\/modamentha.com.br\/index.php?rest_route=\/wp\/v2\/media\/81844"}],"wp:attachment":[{"href":"https:\/\/modamentha.com.br\/index.php?rest_route=%2Fwp%2Fv2%2Fmedia&parent=82147"}],"curies":[{"name":"wp","href":"https:\/\/api.w.org\/{rel}","templated":true}]}}