{"id":82156,"date":"2025-09-12T22:52:05","date_gmt":"2025-09-13T01:52:05","guid":{"rendered":"https:\/\/modamentha.com.br\/?post_type=product&#038;p=82156"},"modified":"2026-01-07T11:44:52","modified_gmt":"2026-01-07T14:44:52","slug":"calca-mel","status":"publish","type":"product","link":"https:\/\/modamentha.com.br\/?product=calca-mel","title":{"rendered":"Cal\u00e7a Mel"},"content":{"rendered":"","protected":false},"excerpt":{"rendered":"<p>Modelagem ampla de alfaiataria com cintura alta<br \/>\nTecido crepe poliviscose encorpado e confort\u00e1vel<br \/>\nAmarra\u00e7\u00e3o frontal com ponteiras douradas<br \/>\nRecortes verticais com pesponto marcante<br \/>\nBolsos laterais funcionais<br \/>\nFechamento com z\u00edper invis\u00edvel e bot\u00f5es frontais<\/p>\n<p>Composi\u00e7\u00e3o:<br \/>\n90% Viscose, 10% Poli\u00e9ster<\/p>\n","protected":false},"featured_media":81901,"template":"","meta":{"spay_email":""},"supplier_id":null,"supplier_sku":"","atum_controlled":true,"out_stock_date":null,"out_stock_threshold":null,"inheritable":true,"inbound_stock":0,"stock_on_hold":0,"sold_today":null,"sales_last_days":null,"reserved_stock":0,"customer_returns":0,"warehouse_damage":0,"lost_in_post":0,"other_logs":0,"out_stock_days":null,"lost_sales":null,"has_location":false,"update_date":"2025-09-13T14:59:25","atum_locations":[],"atum_stock_status":"instock","low_stock":false,"_links":{"self":[{"href":"https:\/\/modamentha.com.br\/index.php?rest_route=\/wp\/v2\/product\/82156"}],"collection":[{"href":"https:\/\/modamentha.com.br\/index.php?rest_route=\/wp\/v2\/product"}],"about":[{"href":"https:\/\/modamentha.com.br\/index.php?rest_route=\/wp\/v2\/types\/product"}],"wp:featuredmedia":[{"embeddable":true,"href":"https:\/\/modamentha.com.br\/index.php?rest_route=\/wp\/v2\/media\/81901"}],"wp:attachment":[{"href":"https:\/\/modamentha.com.br\/index.php?rest_route=%2Fwp%2Fv2%2Fmedia&parent=82156"}],"curies":[{"name":"wp","href":"https:\/\/api.w.org\/{rel}","templated":true}]}}