{"id":82193,"date":"2025-09-21T09:41:01","date_gmt":"2025-09-21T12:41:01","guid":{"rendered":"https:\/\/modamentha.com.br\/?post_type=product&#038;p=82193"},"modified":"2026-01-08T17:37:00","modified_gmt":"2026-01-08T20:37:00","slug":"macacao-manuela","status":"publish","type":"product","link":"https:\/\/modamentha.com.br\/?product=macacao-manuela","title":{"rendered":"Macac\u00e3o Manuela"},"content":{"rendered":"","protected":false},"excerpt":{"rendered":"<p>Decote cora\u00e7\u00e3o com al\u00e7as finas<br \/>\nCorpo estruturado tipo colete<br \/>\nBot\u00f5es frontais funcionais<br \/>\nCintura marcada com recortes<br \/>\nPerna reta e alongada<br \/>\nFechamento com z\u00edper nas costas<br \/>\nTecido de alfaiataria em poliviscose<\/p>\n<p>Composi\u00e7\u00e3o:<br \/>\n92% Viscose, 8% Poli\u00e9ster<\/p>\n","protected":false},"featured_media":82196,"template":"","meta":{"spay_email":""},"supplier_id":null,"supplier_sku":"","atum_controlled":true,"out_stock_date":null,"out_stock_threshold":null,"inheritable":true,"inbound_stock":0,"stock_on_hold":0,"sold_today":null,"sales_last_days":null,"reserved_stock":0,"customer_returns":0,"warehouse_damage":0,"lost_in_post":0,"other_logs":0,"out_stock_days":null,"lost_sales":null,"has_location":false,"update_date":"2025-09-21T17:18:50","atum_locations":[],"atum_stock_status":"instock","low_stock":false,"_links":{"self":[{"href":"https:\/\/modamentha.com.br\/index.php?rest_route=\/wp\/v2\/product\/82193"}],"collection":[{"href":"https:\/\/modamentha.com.br\/index.php?rest_route=\/wp\/v2\/product"}],"about":[{"href":"https:\/\/modamentha.com.br\/index.php?rest_route=\/wp\/v2\/types\/product"}],"wp:featuredmedia":[{"embeddable":true,"href":"https:\/\/modamentha.com.br\/index.php?rest_route=\/wp\/v2\/media\/82196"}],"wp:attachment":[{"href":"https:\/\/modamentha.com.br\/index.php?rest_route=%2Fwp%2Fv2%2Fmedia&parent=82193"}],"curies":[{"name":"wp","href":"https:\/\/api.w.org\/{rel}","templated":true}]}}