{"id":82269,"date":"2025-09-21T11:11:32","date_gmt":"2025-09-21T14:11:32","guid":{"rendered":"https:\/\/modamentha.com.br\/?post_type=product&#038;p=82269"},"modified":"2026-01-16T17:09:15","modified_gmt":"2026-01-16T20:09:15","slug":"colete-alfaiataria-alongado-botao","status":"publish","type":"product","link":"https:\/\/modamentha.com.br\/?product=colete-alfaiataria-alongado-botao","title":{"rendered":"Colete Alfaiataria Alongado Bot\u00e3o"},"content":{"rendered":"","protected":false},"excerpt":{"rendered":"<p>Colete alongado em alfaiataria mista com elastano encorpada. Possui fechamento em bot\u00e3o org\u00e2nico, bot\u00e3o interno e forro.<\/p>\n<p>Composi\u00e7\u00e3o:<br \/>\n90% POLI\u00c9STER 10% ELASTANO | FORRO 100% POLI\u00c9STER<\/p>\n<p>MEDIDAS:<br \/>\nBusto: P:90cm |M:94cm |G:98cm<br \/>\nComprimento Total: P:54cm |M:55cm |G:56cm <\/p>\n","protected":false},"featured_media":82227,"template":"","meta":{"spay_email":""},"supplier_id":null,"supplier_sku":"","atum_controlled":true,"out_stock_date":null,"out_stock_threshold":null,"inheritable":true,"inbound_stock":0,"stock_on_hold":0,"sold_today":null,"sales_last_days":null,"reserved_stock":0,"customer_returns":0,"warehouse_damage":0,"lost_in_post":0,"other_logs":0,"out_stock_days":null,"lost_sales":null,"has_location":false,"update_date":"2025-09-21T17:18:37","atum_locations":[],"atum_stock_status":"instock","low_stock":false,"_links":{"self":[{"href":"https:\/\/modamentha.com.br\/index.php?rest_route=\/wp\/v2\/product\/82269"}],"collection":[{"href":"https:\/\/modamentha.com.br\/index.php?rest_route=\/wp\/v2\/product"}],"about":[{"href":"https:\/\/modamentha.com.br\/index.php?rest_route=\/wp\/v2\/types\/product"}],"wp:featuredmedia":[{"embeddable":true,"href":"https:\/\/modamentha.com.br\/index.php?rest_route=\/wp\/v2\/media\/82227"}],"wp:attachment":[{"href":"https:\/\/modamentha.com.br\/index.php?rest_route=%2Fwp%2Fv2%2Fmedia&parent=82269"}],"curies":[{"name":"wp","href":"https:\/\/api.w.org\/{rel}","templated":true}]}}