{"id":82329,"date":"2025-09-21T11:43:49","date_gmt":"2025-09-21T14:43:49","guid":{"rendered":"https:\/\/modamentha.com.br\/?post_type=product&#038;p=82329"},"modified":"2025-11-13T18:37:32","modified_gmt":"2025-11-13T21:37:32","slug":"regata-alca-renda-decote","status":"publish","type":"product","link":"https:\/\/modamentha.com.br\/?product=regata-alca-renda-decote","title":{"rendered":"Regata Al\u00e7a Renda Decote"},"content":{"rendered":"","protected":false},"excerpt":{"rendered":"<p>Al\u00e7a em yoryu. Possui aplica\u00e7\u00e3o de renda no decote, bot\u00e3o forrado e al\u00e7as regul\u00e1veis.<\/p>\n<p>COMPOSI\u00c7\u00c3O:<br \/>\n100% POLI\u00c9STER | FORRO 100% POLI\u00c9STER<\/p>\n<p>MEDIDAS:<br \/>\nBusto: P:90cm |M:94cm |G:98cm<br \/>\nComprimento Total: P:55cm |M:56cm |G:57cm <\/p>\n","protected":false},"featured_media":82331,"template":"","meta":{"spay_email":""},"supplier_id":null,"supplier_sku":"","atum_controlled":true,"out_stock_date":null,"out_stock_threshold":null,"inheritable":true,"inbound_stock":0,"stock_on_hold":0,"sold_today":null,"sales_last_days":null,"reserved_stock":0,"customer_returns":0,"warehouse_damage":0,"lost_in_post":0,"other_logs":0,"out_stock_days":null,"lost_sales":null,"has_location":false,"update_date":"2025-09-21T17:44:29","atum_locations":[],"atum_stock_status":"instock","low_stock":false,"_links":{"self":[{"href":"https:\/\/modamentha.com.br\/index.php?rest_route=\/wp\/v2\/product\/82329"}],"collection":[{"href":"https:\/\/modamentha.com.br\/index.php?rest_route=\/wp\/v2\/product"}],"about":[{"href":"https:\/\/modamentha.com.br\/index.php?rest_route=\/wp\/v2\/types\/product"}],"wp:featuredmedia":[{"embeddable":true,"href":"https:\/\/modamentha.com.br\/index.php?rest_route=\/wp\/v2\/media\/82331"}],"wp:attachment":[{"href":"https:\/\/modamentha.com.br\/index.php?rest_route=%2Fwp%2Fv2%2Fmedia&parent=82329"}],"curies":[{"name":"wp","href":"https:\/\/api.w.org\/{rel}","templated":true}]}}