{"id":82583,"date":"2025-09-29T15:04:50","date_gmt":"2025-09-29T18:04:50","guid":{"rendered":"https:\/\/modamentha.com.br\/?post_type=product&#038;p=82583"},"modified":"2026-03-07T15:17:34","modified_gmt":"2026-03-07T18:17:34","slug":"regata-alca-renda-babados","status":"publish","type":"product","link":"https:\/\/modamentha.com.br\/?product=regata-alca-renda-babados","title":{"rendered":"Regata Al\u00e7a Renda Babados"},"content":{"rendered":"","protected":false},"excerpt":{"rendered":"<p>Regata renda. Possui al\u00e7a com regulador, aselha com bot\u00e3o forrado na frente, babado na barra, el\u00e1stico nas costas e forro.<\/p>\n<p>COMPOSI\u00c7\u00c3O:<br \/>\n100% Poliamida | FORRO 100% POLI\u00c9STER<\/p>\n<p>MEDIDAS:<br \/>\nBusto: P:90cm |M:94cm |G:98cm<br \/>\nComprimento Total: P:55cm |M:56cm |G:57cm <\/p>\n","protected":false},"featured_media":82500,"template":"","meta":{"spay_email":""},"supplier_id":null,"supplier_sku":"","atum_controlled":true,"out_stock_date":null,"out_stock_threshold":null,"inheritable":true,"inbound_stock":0,"stock_on_hold":0,"sold_today":1,"sales_last_days":1,"reserved_stock":0,"customer_returns":0,"warehouse_damage":0,"lost_in_post":0,"other_logs":0,"out_stock_days":null,"lost_sales":0,"has_location":false,"update_date":"2025-10-17T15:25:46","atum_locations":[],"atum_stock_status":"instock","low_stock":false,"_links":{"self":[{"href":"https:\/\/modamentha.com.br\/index.php?rest_route=\/wp\/v2\/product\/82583"}],"collection":[{"href":"https:\/\/modamentha.com.br\/index.php?rest_route=\/wp\/v2\/product"}],"about":[{"href":"https:\/\/modamentha.com.br\/index.php?rest_route=\/wp\/v2\/types\/product"}],"wp:featuredmedia":[{"embeddable":true,"href":"https:\/\/modamentha.com.br\/index.php?rest_route=\/wp\/v2\/media\/82500"}],"wp:attachment":[{"href":"https:\/\/modamentha.com.br\/index.php?rest_route=%2Fwp%2Fv2%2Fmedia&parent=82583"}],"curies":[{"name":"wp","href":"https:\/\/api.w.org\/{rel}","templated":true}]}}