{"id":82861,"date":"2025-10-03T09:09:40","date_gmt":"2025-10-03T12:09:40","guid":{"rendered":"https:\/\/modamentha.com.br\/?post_type=product&#038;p=82861"},"modified":"2026-01-05T15:42:48","modified_gmt":"2026-01-05T18:42:48","slug":"vestido-curto-chiffon-um-ombro","status":"publish","type":"product","link":"https:\/\/modamentha.com.br\/?product=vestido-curto-chiffon-um-ombro","title":{"rendered":"Vestido Curto Chiffon Um Ombro"},"content":{"rendered":"","protected":false},"excerpt":{"rendered":"<p>Vestido em chiffon liso. Possui modelagem um ombro com amarra\u00e7\u00e3o na al\u00e7a, el\u00e1stico na cintura e decote, fechamento na lateral em bot\u00e3o forrado, z\u00edper de nylon, babado duplo na barra e forro.<\/p>\n<p>Composi\u00e7\u00e3o:<br \/>\n100% POLI\u00c9STER | FORRO 100% POLI\u00c9STER<\/p>\n<p>MEDIDAS:<br \/>\nBusto: P:90cm |M:94cm |G:98cm<br \/>\nCintura: P:70cm |M:74cm |G:78cm<br \/>\nQuadril: P:102cm |M:106cm |G:110cm<br \/>\nComprimento Total: P:87cm |M:88,5cm |G:90cm <\/p>\n","protected":false},"featured_media":82859,"template":"","meta":{"spay_email":""},"supplier_id":null,"supplier_sku":"","atum_controlled":true,"out_stock_date":null,"out_stock_threshold":null,"inheritable":true,"inbound_stock":0,"stock_on_hold":0,"sold_today":null,"sales_last_days":null,"reserved_stock":0,"customer_returns":0,"warehouse_damage":0,"lost_in_post":0,"other_logs":0,"out_stock_days":null,"lost_sales":null,"has_location":false,"update_date":"2025-10-03T15:15:36","atum_locations":[],"atum_stock_status":"instock","low_stock":false,"_links":{"self":[{"href":"https:\/\/modamentha.com.br\/index.php?rest_route=\/wp\/v2\/product\/82861"}],"collection":[{"href":"https:\/\/modamentha.com.br\/index.php?rest_route=\/wp\/v2\/product"}],"about":[{"href":"https:\/\/modamentha.com.br\/index.php?rest_route=\/wp\/v2\/types\/product"}],"wp:featuredmedia":[{"embeddable":true,"href":"https:\/\/modamentha.com.br\/index.php?rest_route=\/wp\/v2\/media\/82859"}],"wp:attachment":[{"href":"https:\/\/modamentha.com.br\/index.php?rest_route=%2Fwp%2Fv2%2Fmedia&parent=82861"}],"curies":[{"name":"wp","href":"https:\/\/api.w.org\/{rel}","templated":true}]}}