{"id":83126,"date":"2025-10-07T10:01:12","date_gmt":"2025-10-07T13:01:12","guid":{"rendered":"https:\/\/modamentha.com.br\/?post_type=product&#038;p=83126"},"modified":"2026-01-05T11:51:35","modified_gmt":"2026-01-05T14:51:35","slug":"vestido-longo-chiffon-sunset","status":"publish","type":"product","link":"https:\/\/modamentha.com.br\/?product=vestido-longo-chiffon-sunset","title":{"rendered":"Vestido Longo Chiffon Sunset"},"content":{"rendered":"","protected":false},"excerpt":{"rendered":"<p>Vestido longo em chiffon estampado sunset. Possui franzido no busto, al\u00e7as regul\u00e1veis, z\u00edper de nylon lateral, lastex nas costas, el\u00e1stico na cintura e forro.<\/p>\n<p>Composi\u00e7\u00e3o:<br \/>\n100% POLI\u00c9STER | FORRO 100% POLI\u00c9STER<\/p>\n<p>MEDIDAS:<br \/>\nBusto: P:90cm |M:94cm |G:98cm<br \/>\nCintura: P:72cm |M:76cm |G:80cm<br \/>\nQuadril: P:102cm |M:106cm |G:110cm<br \/>\nComprimento Total: P:142cm |M:143,5cm |G:145cm <\/p>\n","protected":false},"featured_media":83160,"template":"","meta":{"spay_email":""},"supplier_id":null,"supplier_sku":"","atum_controlled":true,"out_stock_date":null,"out_stock_threshold":null,"inheritable":true,"inbound_stock":0,"stock_on_hold":0,"sold_today":null,"sales_last_days":null,"reserved_stock":0,"customer_returns":0,"warehouse_damage":0,"lost_in_post":0,"other_logs":0,"out_stock_days":null,"lost_sales":null,"has_location":false,"update_date":"2025-10-07T16:43:50","atum_locations":[],"atum_stock_status":"instock","low_stock":false,"_links":{"self":[{"href":"https:\/\/modamentha.com.br\/index.php?rest_route=\/wp\/v2\/product\/83126"}],"collection":[{"href":"https:\/\/modamentha.com.br\/index.php?rest_route=\/wp\/v2\/product"}],"about":[{"href":"https:\/\/modamentha.com.br\/index.php?rest_route=\/wp\/v2\/types\/product"}],"wp:featuredmedia":[{"embeddable":true,"href":"https:\/\/modamentha.com.br\/index.php?rest_route=\/wp\/v2\/media\/83160"}],"wp:attachment":[{"href":"https:\/\/modamentha.com.br\/index.php?rest_route=%2Fwp%2Fv2%2Fmedia&parent=83126"}],"curies":[{"name":"wp","href":"https:\/\/api.w.org\/{rel}","templated":true}]}}