{"id":83578,"date":"2025-10-11T11:43:49","date_gmt":"2025-10-11T14:43:49","guid":{"rendered":"https:\/\/modamentha.com.br\/?post_type=product&#038;p=83578"},"modified":"2026-01-10T14:54:14","modified_gmt":"2026-01-10T17:54:14","slug":"regata-um-ombro","status":"publish","type":"product","link":"https:\/\/modamentha.com.br\/?product=regata-um-ombro","title":{"rendered":"Regata Um Ombro"},"content":{"rendered":"","protected":false},"excerpt":{"rendered":"<p>Blusa ombro \u00fanico \u00e9 perfeita para quem busca um look elegante e vers\u00e1til. Ideal para combina\u00e7\u00f5es desde um look casual com jeans at\u00e9 uma produ\u00e7\u00e3o mais refinada com alfaiataria.<\/p>\n<p>Tecido Canelado Slim<br \/>\nModelo ombro \u00fanico<br \/>\nDecote assim\u00e9trico<br \/>\nComprimento regular<br \/>\nDetalhe de bot\u00f5es dourados no ombro<\/p>\n<p>Composi\u00e7\u00e3o:<br \/>\n92% VISCOSE &#8211; 8% ELASTANO<\/p>\n","protected":false},"featured_media":83420,"template":"","meta":{"spay_email":""},"supplier_id":null,"supplier_sku":"","atum_controlled":true,"out_stock_date":null,"out_stock_threshold":null,"inheritable":true,"inbound_stock":0,"stock_on_hold":0,"sold_today":null,"sales_last_days":null,"reserved_stock":0,"customer_returns":0,"warehouse_damage":0,"lost_in_post":0,"other_logs":0,"out_stock_days":null,"lost_sales":null,"has_location":false,"update_date":"2025-10-11T17:49:59","atum_locations":[],"atum_stock_status":"instock","low_stock":false,"_links":{"self":[{"href":"https:\/\/modamentha.com.br\/index.php?rest_route=\/wp\/v2\/product\/83578"}],"collection":[{"href":"https:\/\/modamentha.com.br\/index.php?rest_route=\/wp\/v2\/product"}],"about":[{"href":"https:\/\/modamentha.com.br\/index.php?rest_route=\/wp\/v2\/types\/product"}],"wp:featuredmedia":[{"embeddable":true,"href":"https:\/\/modamentha.com.br\/index.php?rest_route=\/wp\/v2\/media\/83420"}],"wp:attachment":[{"href":"https:\/\/modamentha.com.br\/index.php?rest_route=%2Fwp%2Fv2%2Fmedia&parent=83578"}],"curies":[{"name":"wp","href":"https:\/\/api.w.org\/{rel}","templated":true}]}}