{"id":83876,"date":"2025-10-20T10:32:04","date_gmt":"2025-10-20T13:32:04","guid":{"rendered":"https:\/\/modamentha.com.br\/?post_type=product&#038;p=83876"},"modified":"2026-01-08T18:01:22","modified_gmt":"2026-01-08T21:01:22","slug":"regata-alca-poa-rolete-babado","status":"publish","type":"product","link":"https:\/\/modamentha.com.br\/?product=regata-alca-poa-rolete-babado","title":{"rendered":"Regata Al\u00e7a Po\u00e1 Rolet\u00ea Babado"},"content":{"rendered":"","protected":false},"excerpt":{"rendered":"<p>Al\u00e7a em alfaiataria leve creponada po\u00e1. Possui rolot\u00ea fixo na frente para amarra\u00e7\u00e3o, al\u00e7as regul\u00e1veis e el\u00e1stico na cintura.<\/p>\n<p>Composi\u00e7\u00e3o:<br \/>\n70% VISCOSE 30% POLIAMIDA<\/p>\n<p>MEDIDAS:<br \/>\nBusto: P:90cm |M:94cm |G:98cm<br \/>\nComprimento Total: P:52cm |M:53cm |G:54cm <\/p>\n","protected":false},"featured_media":83866,"template":"","meta":{"spay_email":""},"supplier_id":null,"supplier_sku":"","atum_controlled":true,"out_stock_date":null,"out_stock_threshold":null,"inheritable":true,"inbound_stock":0,"stock_on_hold":0,"sold_today":null,"sales_last_days":null,"reserved_stock":0,"customer_returns":0,"warehouse_damage":0,"lost_in_post":0,"other_logs":0,"out_stock_days":null,"lost_sales":null,"has_location":false,"update_date":"2025-10-20T17:05:16","atum_locations":[],"atum_stock_status":"instock","low_stock":false,"_links":{"self":[{"href":"https:\/\/modamentha.com.br\/index.php?rest_route=\/wp\/v2\/product\/83876"}],"collection":[{"href":"https:\/\/modamentha.com.br\/index.php?rest_route=\/wp\/v2\/product"}],"about":[{"href":"https:\/\/modamentha.com.br\/index.php?rest_route=\/wp\/v2\/types\/product"}],"wp:featuredmedia":[{"embeddable":true,"href":"https:\/\/modamentha.com.br\/index.php?rest_route=\/wp\/v2\/media\/83866"}],"wp:attachment":[{"href":"https:\/\/modamentha.com.br\/index.php?rest_route=%2Fwp%2Fv2%2Fmedia&parent=83876"}],"curies":[{"name":"wp","href":"https:\/\/api.w.org\/{rel}","templated":true}]}}