{"id":84196,"date":"2025-10-27T15:50:09","date_gmt":"2025-10-27T18:50:09","guid":{"rendered":"https:\/\/modamentha.com.br\/?post_type=product&#038;p=84196"},"modified":"2026-02-28T13:14:06","modified_gmt":"2026-02-28T16:14:06","slug":"macacao-wide-alfaiataria","status":"publish","type":"product","link":"https:\/\/modamentha.com.br\/?product=macacao-wide-alfaiataria","title":{"rendered":"Macac\u00e3o Wide Alfaiataria"},"content":{"rendered":"","protected":false},"excerpt":{"rendered":"<p>Macac\u00e3o wide em alfaiataria com elastano. Possui al\u00e7as regul\u00e1veis, faixa lateral transpassada com encaixe no aviamento de metal texturizado, fechamento em z\u00edper de nylon nas costas e forro.<\/p>\n<p>Composi\u00e7\u00e3o:<br \/>\n94% POLI\u00c9STER 6% ELASTANO| FORRO 100% POLI\u00c9STER<\/p>\n<p>MEDIDAS:<br \/>\nBusto: P:90cm |M:94cm |G:98cm<br \/>\nCintura: P:72cm |M:76cm |G:80cm<br \/>\nQuadril: P:100cm |M:106cm |G:110cm<br \/>\nComprimento Total: P:155cm |M:156,5cm |G:158cm <\/p>\n","protected":false},"featured_media":84224,"template":"","meta":{"spay_email":""},"supplier_id":null,"supplier_sku":"","atum_controlled":true,"out_stock_date":null,"out_stock_threshold":null,"inheritable":true,"inbound_stock":0,"stock_on_hold":0,"sold_today":null,"sales_last_days":null,"reserved_stock":0,"customer_returns":0,"warehouse_damage":0,"lost_in_post":0,"other_logs":0,"out_stock_days":null,"lost_sales":null,"has_location":false,"update_date":"2025-10-27T22:08:25","atum_locations":[],"atum_stock_status":"instock","low_stock":false,"_links":{"self":[{"href":"https:\/\/modamentha.com.br\/index.php?rest_route=\/wp\/v2\/product\/84196"}],"collection":[{"href":"https:\/\/modamentha.com.br\/index.php?rest_route=\/wp\/v2\/product"}],"about":[{"href":"https:\/\/modamentha.com.br\/index.php?rest_route=\/wp\/v2\/types\/product"}],"wp:featuredmedia":[{"embeddable":true,"href":"https:\/\/modamentha.com.br\/index.php?rest_route=\/wp\/v2\/media\/84224"}],"wp:attachment":[{"href":"https:\/\/modamentha.com.br\/index.php?rest_route=%2Fwp%2Fv2%2Fmedia&parent=84196"}],"curies":[{"name":"wp","href":"https:\/\/api.w.org\/{rel}","templated":true}]}}